{"id":1761,"date":"2022-08-24T08:16:06","date_gmt":"2022-08-24T06:16:06","guid":{"rendered":"https:\/\/aptimuscapital.com\/inicio\/"},"modified":"2024-03-26T12:39:58","modified_gmt":"2024-03-26T11:39:58","slug":"inicio","status":"publish","type":"page","link":"https:\/\/aptimuscapital.com\/es\/","title":{"rendered":"Inicio"},"content":{"rendered":"\nClick here to edit the dot navigation module. This text is only for editing and will not appear after you publish the changes.\n    <ul>\n        <li><a href=\"#\" data-row-id=\"bienvenido\" data-prev-row-id=\"\"><\/a><\/li><li><a href=\"#\" data-row-id=\"sobre_nosotros\" data-prev-row-id=\"bienvenido\"><\/a><\/li><li><a href=\"#\" data-row-id=\"propuesta_de_valor\" data-prev-row-id=\"sobre_nosotros\"><\/a><\/li><li><a href=\"#\" data-row-id=\"impacto\" data-prev-row-id=\"propuesta_de_valor\"><\/a><\/li><li><a href=\"#\" data-row-id=\"soluciones\" data-prev-row-id=\"impacto\"><\/a><\/li><li><a href=\"#\" data-row-id=\"equipo\" data-prev-row-id=\"soluciones\"><\/a><\/li><li><a href=\"#\" data-row-id=\"pie_de_pagina\" data-prev-row-id=\"equipo\"><\/a><\/li>    <\/ul>\n\t<p>Somos un gestor de inversi\u00f3n privada especializado en el mercado europeo, liderando el segmento de financiaci\u00f3n alternativa <em>(non-sponsored)<\/em> ofreciendo pr\u00e9stamos en geograf\u00edas y sectores desatendidos por el capital privado.<\/p>\n\t<p>Nuestro profundo conocimiento del mercado y nuestro enfoque de acompa\u00f1amiento a largo plazo, contribuyen a identificar las oportunidades m\u00e1s atractivas.<\/p>\n\t<p>Nuestro objetivo es impulsar y generar impacto social y medioambiental positivo y cuantificable, sin comprometer la rentabilidad ofrecida.<\/p>\n\t<p>Nuestra estrategia se centra en segmentos del mercado con acceso limitado a soluciones de financiaci\u00f3n alternativa.<\/p>\n\t\t\t\t\t\t\t\t\t<img loading=\"lazy\" decoding=\"async\" src=\"https:\/\/aptimuscapital.com\/wp-content\/uploads\/home-blq.05.Team-APTIMUS_CAPITAL_PARTNERS.jpg\" alt=\"\" itemprop=\"image\" height=\"1245\" width=\"1920\" srcset=\"https:\/\/aptimuscapital.com\/wp-content\/uploads\/home-blq.05.Team-APTIMUS_CAPITAL_PARTNERS.jpg 1920w, https:\/\/aptimuscapital.com\/wp-content\/uploads\/home-blq.05.Team-APTIMUS_CAPITAL_PARTNERS-300x195.jpg 300w, https:\/\/aptimuscapital.com\/wp-content\/uploads\/home-blq.05.Team-APTIMUS_CAPITAL_PARTNERS-1024x664.jpg 1024w, https:\/\/aptimuscapital.com\/wp-content\/uploads\/home-blq.05.Team-APTIMUS_CAPITAL_PARTNERS-768x498.jpg 768w, https:\/\/aptimuscapital.com\/wp-content\/uploads\/home-blq.05.Team-APTIMUS_CAPITAL_PARTNERS-1536x996.jpg 1536w\" sizes=\"auto, (max-width: 1920px) 100vw, 1920px\" onerror=\"this.style.display='none'\"  \/>\n\t<p>Somos un equipo multidisciplinario con s\u00f3lida presencia internacional, incluyendo oficinas en Londres y Madrid.<\/p>\n\n","protected":false},"excerpt":{"rendered":"<p>Click here to edit the dot navigation module. This text is only for editing and will not appear after you publish the changes. Somos un gestor de inversi\u00f3n privada especializado en el mercado europeo, liderando el segmento de financiaci\u00f3n alternativa (non-sponsored) ofreciendo pr\u00e9stamos en geograf\u00edas y sectores desatendidos por el capital privado. Nuestro profundo conocimiento&hellip;<\/p>\n","protected":false},"author":16,"featured_media":0,"parent":0,"menu_order":0,"comment_status":"closed","ping_status":"closed","template":"","meta":{"footnotes":""},"class_list":["post-1761","page","type-page","status-publish","hentry"],"yoast_head":"<!-- This site is optimized with the Yoast SEO plugin v27.5 - https:\/\/yoast.com\/product\/yoast-seo-wordpress\/ -->\n<title>Inicio - Aptimus Capital Partners<\/title>\n<meta name=\"description\" content=\"Somos una plataforma de gesti\u00f3n y asesoramiento de \u00e1mbito europeo, en permanente evoluci\u00f3n y expansi\u00f3n. Ofrecemos una atractiva propuesta de valor para nuestros inversores y soluciones flexibles a compa\u00f1\u00edas del middle market.\" \/>\n<meta name=\"robots\" content=\"index, follow, max-snippet:-1, max-image-preview:large, max-video-preview:-1\" \/>\n<link rel=\"canonical\" href=\"https:\/\/aptimuscapital.com\/es\/\" \/>\n<meta property=\"og:locale\" content=\"es_ES\" \/>\n<meta property=\"og:type\" content=\"article\" \/>\n<meta property=\"og:title\" content=\"Inicio - Aptimus Capital Partners\" \/>\n<meta property=\"og:description\" content=\"Somos una plataforma de gesti\u00f3n y asesoramiento de \u00e1mbito europeo, en permanente evoluci\u00f3n y expansi\u00f3n. Ofrecemos una atractiva propuesta de valor para nuestros inversores y soluciones flexibles a compa\u00f1\u00edas del middle market.\" \/>\n<meta property=\"og:url\" content=\"https:\/\/aptimuscapital.com\/es\/\" \/>\n<meta property=\"og:site_name\" content=\"Aptimus Capital Partners\" \/>\n<meta property=\"article:modified_time\" content=\"2024-03-26T11:39:58+00:00\" \/>\n<meta property=\"og:image\" content=\"https:\/\/aptimuscapital.com\/wp-content\/uploads\/home-blq.05.Team-APTIMUS_CAPITAL_PARTNERS.jpg\" \/>\n<meta name=\"twitter:card\" content=\"summary_large_image\" \/>\n<meta name=\"twitter:label1\" content=\"Tiempo de lectura\" \/>\n\t<meta name=\"twitter:data1\" content=\"1 minuto\" \/>\n<script type=\"application\/ld+json\" class=\"yoast-schema-graph\">{\"@context\":\"https:\\\/\\\/schema.org\",\"@graph\":[{\"@type\":\"WebPage\",\"@id\":\"https:\\\/\\\/aptimuscapital.com\\\/es\\\/\",\"url\":\"https:\\\/\\\/aptimuscapital.com\\\/es\\\/\",\"name\":\"Inicio - Aptimus Capital Partners\",\"isPartOf\":{\"@id\":\"https:\\\/\\\/aptimuscapital.com\\\/es\\\/#website\"},\"primaryImageOfPage\":{\"@id\":\"https:\\\/\\\/aptimuscapital.com\\\/es\\\/#primaryimage\"},\"image\":{\"@id\":\"https:\\\/\\\/aptimuscapital.com\\\/es\\\/#primaryimage\"},\"thumbnailUrl\":\"https:\\\/\\\/aptimuscapital.com\\\/wp-content\\\/uploads\\\/home-blq.05.Team-APTIMUS_CAPITAL_PARTNERS.jpg\",\"datePublished\":\"2022-08-24T06:16:06+00:00\",\"dateModified\":\"2024-03-26T11:39:58+00:00\",\"description\":\"Somos una plataforma de gesti\u00f3n y asesoramiento de \u00e1mbito europeo, en permanente evoluci\u00f3n y expansi\u00f3n. Ofrecemos una atractiva propuesta de valor para nuestros inversores y soluciones flexibles a compa\u00f1\u00edas del middle market.\",\"breadcrumb\":{\"@id\":\"https:\\\/\\\/aptimuscapital.com\\\/es\\\/#breadcrumb\"},\"inLanguage\":\"es\",\"potentialAction\":[{\"@type\":\"ReadAction\",\"target\":[\"https:\\\/\\\/aptimuscapital.com\\\/es\\\/\"]}]},{\"@type\":\"ImageObject\",\"inLanguage\":\"es\",\"@id\":\"https:\\\/\\\/aptimuscapital.com\\\/es\\\/#primaryimage\",\"url\":\"https:\\\/\\\/aptimuscapital.com\\\/wp-content\\\/uploads\\\/home-blq.05.Team-APTIMUS_CAPITAL_PARTNERS.jpg\",\"contentUrl\":\"https:\\\/\\\/aptimuscapital.com\\\/wp-content\\\/uploads\\\/home-blq.05.Team-APTIMUS_CAPITAL_PARTNERS.jpg\"},{\"@type\":\"BreadcrumbList\",\"@id\":\"https:\\\/\\\/aptimuscapital.com\\\/es\\\/#breadcrumb\",\"itemListElement\":[{\"@type\":\"ListItem\",\"position\":1,\"name\":\"Home\",\"item\":\"https:\\\/\\\/aptimuscapital.com\\\/es\\\/\"},{\"@type\":\"ListItem\",\"position\":2,\"name\":\"Inicio\"}]},{\"@type\":\"WebSite\",\"@id\":\"https:\\\/\\\/aptimuscapital.com\\\/es\\\/#website\",\"url\":\"https:\\\/\\\/aptimuscapital.com\\\/es\\\/\",\"name\":\"Aptimus Capital Partners\",\"description\":\"Innovative solutions. Long-term value creation.\",\"publisher\":{\"@id\":\"https:\\\/\\\/aptimuscapital.com\\\/es\\\/#organization\"},\"potentialAction\":[{\"@type\":\"SearchAction\",\"target\":{\"@type\":\"EntryPoint\",\"urlTemplate\":\"https:\\\/\\\/aptimuscapital.com\\\/es\\\/?s={search_term_string}\"},\"query-input\":{\"@type\":\"PropertyValueSpecification\",\"valueRequired\":true,\"valueName\":\"search_term_string\"}}],\"inLanguage\":\"es\"},{\"@type\":\"Organization\",\"@id\":\"https:\\\/\\\/aptimuscapital.com\\\/es\\\/#organization\",\"name\":\"Aptimus Capital Partners\",\"url\":\"https:\\\/\\\/aptimuscapital.com\\\/es\\\/\",\"logo\":{\"@type\":\"ImageObject\",\"inLanguage\":\"es\",\"@id\":\"https:\\\/\\\/aptimuscapital.com\\\/es\\\/#\\\/schema\\\/logo\\\/image\\\/\",\"url\":\"https:\\\/\\\/aptimuscapital.com\\\/wp-content\\\/uploads\\\/Aptimus-Logo-Grey.png\",\"contentUrl\":\"https:\\\/\\\/aptimuscapital.com\\\/wp-content\\\/uploads\\\/Aptimus-Logo-Grey.png\",\"width\":520,\"height\":61,\"caption\":\"Aptimus Capital Partners\"},\"image\":{\"@id\":\"https:\\\/\\\/aptimuscapital.com\\\/es\\\/#\\\/schema\\\/logo\\\/image\\\/\"},\"sameAs\":[\"https:\\\/\\\/www.linkedin.com\\\/company\\\/aptimuscapitalpartners\\\/\"]}]}<\/script>\n<!-- \/ Yoast SEO plugin. -->","yoast_head_json":{"title":"Inicio - Aptimus Capital Partners","description":"Somos una plataforma de gesti\u00f3n y asesoramiento de \u00e1mbito europeo, en permanente evoluci\u00f3n y expansi\u00f3n. Ofrecemos una atractiva propuesta de valor para nuestros inversores y soluciones flexibles a compa\u00f1\u00edas del middle market.","robots":{"index":"index","follow":"follow","max-snippet":"max-snippet:-1","max-image-preview":"max-image-preview:large","max-video-preview":"max-video-preview:-1"},"canonical":"https:\/\/aptimuscapital.com\/es\/","og_locale":"es_ES","og_type":"article","og_title":"Inicio - Aptimus Capital Partners","og_description":"Somos una plataforma de gesti\u00f3n y asesoramiento de \u00e1mbito europeo, en permanente evoluci\u00f3n y expansi\u00f3n. Ofrecemos una atractiva propuesta de valor para nuestros inversores y soluciones flexibles a compa\u00f1\u00edas del middle market.","og_url":"https:\/\/aptimuscapital.com\/es\/","og_site_name":"Aptimus Capital Partners","article_modified_time":"2024-03-26T11:39:58+00:00","og_image":[{"url":"https:\/\/aptimuscapital.com\/wp-content\/uploads\/home-blq.05.Team-APTIMUS_CAPITAL_PARTNERS.jpg","type":"","width":"","height":""}],"twitter_card":"summary_large_image","twitter_misc":{"Tiempo de lectura":"1 minuto"},"schema":{"@context":"https:\/\/schema.org","@graph":[{"@type":"WebPage","@id":"https:\/\/aptimuscapital.com\/es\/","url":"https:\/\/aptimuscapital.com\/es\/","name":"Inicio - Aptimus Capital Partners","isPartOf":{"@id":"https:\/\/aptimuscapital.com\/es\/#website"},"primaryImageOfPage":{"@id":"https:\/\/aptimuscapital.com\/es\/#primaryimage"},"image":{"@id":"https:\/\/aptimuscapital.com\/es\/#primaryimage"},"thumbnailUrl":"https:\/\/aptimuscapital.com\/wp-content\/uploads\/home-blq.05.Team-APTIMUS_CAPITAL_PARTNERS.jpg","datePublished":"2022-08-24T06:16:06+00:00","dateModified":"2024-03-26T11:39:58+00:00","description":"Somos una plataforma de gesti\u00f3n y asesoramiento de \u00e1mbito europeo, en permanente evoluci\u00f3n y expansi\u00f3n. Ofrecemos una atractiva propuesta de valor para nuestros inversores y soluciones flexibles a compa\u00f1\u00edas del middle market.","breadcrumb":{"@id":"https:\/\/aptimuscapital.com\/es\/#breadcrumb"},"inLanguage":"es","potentialAction":[{"@type":"ReadAction","target":["https:\/\/aptimuscapital.com\/es\/"]}]},{"@type":"ImageObject","inLanguage":"es","@id":"https:\/\/aptimuscapital.com\/es\/#primaryimage","url":"https:\/\/aptimuscapital.com\/wp-content\/uploads\/home-blq.05.Team-APTIMUS_CAPITAL_PARTNERS.jpg","contentUrl":"https:\/\/aptimuscapital.com\/wp-content\/uploads\/home-blq.05.Team-APTIMUS_CAPITAL_PARTNERS.jpg"},{"@type":"BreadcrumbList","@id":"https:\/\/aptimuscapital.com\/es\/#breadcrumb","itemListElement":[{"@type":"ListItem","position":1,"name":"Home","item":"https:\/\/aptimuscapital.com\/es\/"},{"@type":"ListItem","position":2,"name":"Inicio"}]},{"@type":"WebSite","@id":"https:\/\/aptimuscapital.com\/es\/#website","url":"https:\/\/aptimuscapital.com\/es\/","name":"Aptimus Capital Partners","description":"Innovative solutions. Long-term value creation.","publisher":{"@id":"https:\/\/aptimuscapital.com\/es\/#organization"},"potentialAction":[{"@type":"SearchAction","target":{"@type":"EntryPoint","urlTemplate":"https:\/\/aptimuscapital.com\/es\/?s={search_term_string}"},"query-input":{"@type":"PropertyValueSpecification","valueRequired":true,"valueName":"search_term_string"}}],"inLanguage":"es"},{"@type":"Organization","@id":"https:\/\/aptimuscapital.com\/es\/#organization","name":"Aptimus Capital Partners","url":"https:\/\/aptimuscapital.com\/es\/","logo":{"@type":"ImageObject","inLanguage":"es","@id":"https:\/\/aptimuscapital.com\/es\/#\/schema\/logo\/image\/","url":"https:\/\/aptimuscapital.com\/wp-content\/uploads\/Aptimus-Logo-Grey.png","contentUrl":"https:\/\/aptimuscapital.com\/wp-content\/uploads\/Aptimus-Logo-Grey.png","width":520,"height":61,"caption":"Aptimus Capital Partners"},"image":{"@id":"https:\/\/aptimuscapital.com\/es\/#\/schema\/logo\/image\/"},"sameAs":["https:\/\/www.linkedin.com\/company\/aptimuscapitalpartners\/"]}]}},"_links":{"self":[{"href":"https:\/\/aptimuscapital.com\/es\/wp-json\/wp\/v2\/pages\/1761","targetHints":{"allow":["GET"]}}],"collection":[{"href":"https:\/\/aptimuscapital.com\/es\/wp-json\/wp\/v2\/pages"}],"about":[{"href":"https:\/\/aptimuscapital.com\/es\/wp-json\/wp\/v2\/types\/page"}],"author":[{"embeddable":true,"href":"https:\/\/aptimuscapital.com\/es\/wp-json\/wp\/v2\/users\/16"}],"replies":[{"embeddable":true,"href":"https:\/\/aptimuscapital.com\/es\/wp-json\/wp\/v2\/comments?post=1761"}],"version-history":[{"count":6,"href":"https:\/\/aptimuscapital.com\/es\/wp-json\/wp\/v2\/pages\/1761\/revisions"}],"predecessor-version":[{"id":2098,"href":"https:\/\/aptimuscapital.com\/es\/wp-json\/wp\/v2\/pages\/1761\/revisions\/2098"}],"wp:attachment":[{"href":"https:\/\/aptimuscapital.com\/es\/wp-json\/wp\/v2\/media?parent=1761"}],"curies":[{"name":"wp","href":"https:\/\/api.w.org\/{rel}","templated":true}]}}