{"id":1763,"date":"2022-08-29T08:48:24","date_gmt":"2022-08-29T06:48:24","guid":{"rendered":"https:\/\/aptimuscapital.com\/sobre-nosotros\/"},"modified":"2024-03-25T17:37:37","modified_gmt":"2024-03-25T16:37:37","slug":"sobre-nosotros","status":"publish","type":"page","link":"https:\/\/aptimuscapital.com\/es\/sobre-nosotros\/","title":{"rendered":"Sobre Nosotros"},"content":{"rendered":"\n<h2>\n\t\tSobre Nosotros\n\t<\/h2>\n\t<p>Somos un gestor de inversi\u00f3n privada especializado en el mercado europeo.<\/p>\n\t<a href=\"#aboutus_rapidlyevolving\">\n      M\u00e1s Informaci\u00f3n\n<\/a>\n\t<p>Aptimus Capital Partners se enfoca en financiaci\u00f3n alternativa <em>(non-sponsored)<\/em> en geograf\u00edas y sectores desatendidos por el capital privado.<\/p>\n\t<p>Ofrecemos soluciones innovadoras de financiaci\u00f3n para el segmento <em>middle market<\/em>. Nos enfocamos en \u00e1reas especializadas del mercado donde hay escasez de capital privado. Damos especial relevancia a la sostenibilidad y el impacto social como elementos clave de generaci\u00f3n de valor.<\/p>\n\t\t\t<h2>Nuestros valores<\/h2>\n\t\t<h3>\n\t\t\tBuscamos un enfoque a largo plazo, fomentando relaciones de colaboraci\u00f3n con nuestros prestatarios e inversores.\n\t\t<\/h3>\n\t\t\t<p>La integridad y la transparencia constituyen los pilares fundamentales de nuestra firma. Creemos en la creaci\u00f3n de valor para la sociedad en su conjunto. Nos enorgullece nuestra cultura emprendedora, lo que nos permite adaptarnos y prosperar en entornos de mercado din\u00e1micos.<\/p>\n\t\t\t\t<img loading=\"lazy\" decoding=\"async\" src=\"https:\/\/aptimuscapital.com\/wp-content\/uploads\/AboutUs-blq.Our_.values.Eye-APTIMUS_CAPITAL_PARTNERS.jpg\" alt=\"AboutUs-blq.Our.values.Eye-APTIMUS_CAPITAL_PARTNERS\" itemprop=\"image\" height=\"1280\" width=\"1920\" title=\"AboutUs-blq.Our.values.Eye-APTIMUS_CAPITAL_PARTNERS\" onerror=\"this.style.display='none'\"  \/>\n\t\t\t<h2>Filosof\u00eda de inversi\u00f3n<\/h2>\n\t\t<h3>\n\t\t\tNuestra filosof\u00eda de inversi\u00f3n es identificar segmentos del mercado atractivos, donde actualmente existe un acceso limitado al capital privado.\n\t\t<\/h3>\n\t<p>Nuestra tesis de inversi\u00f3n se basa en tres pilares:<\/p>\n<p>1) las geograf\u00edas y sectores desatendidos ofrecen rentabilidad ajustada al riesgo para los inversores;<\/p>\n<p>2) la financiaci\u00f3n alternativa (non-sponsored) en el middle market ofrece un amplio conjunto de oportunidades; y <\/p>\n\t<p>3) la sostenibilidad y el impacto son canalizadores de generaci\u00f3n de valor adicional. Nos diferenciamos de los fondos de capital privado que operan en el espacio esponsorizado en el middle market. Buscamos empresas que puedan generar un impacto social y\/o medioambiental positivo, ya que creemos que esto impulsar\u00e1 el valor a largo plazo para los inversores, asegurando un retorno para la sociedad y el medio ambiente.<\/p>\n\t\t\t<h2>Propuesta de valor<\/h2>\n\t\t<h3>\n\t\t\tBuscamos ofrecer opciones de diversificaci\u00f3n con un retorno atractivo a los inversores, enfoc\u00e1ndonos en nichos de mercados y sectores donde no sea necesario actuar como <em>sponsor<\/em>, lo que nos diferencia de los fondos de capital privado. \n\t\t<\/h3>\n\t\t\t<p>Esto implica la capacidad de identificar oportunidades que requieren un profundo conocimiento del mercado, as\u00ed como de proporcionar soluciones flexibles y \u00fanicas a situaciones complejas.Contamos con amplias redes de colaboraci\u00f3n con participantes del mercado, asegurando un flujo constante y gran capilaridad de oportunidades.<\/p>\t\t\n\t\t\t\t<img loading=\"lazy\" decoding=\"async\" src=\"https:\/\/aptimuscapital.com\/wp-content\/uploads\/AboutUs-blq.Value_proposition.Tree-APTIMUS_CAPITAL_PARTNERS.jpg\" alt=\"AboutUs-blq.Value_proposition.Tree-APTIMUS_CAPITAL_PARTNERS\" itemprop=\"image\" height=\"1280\" width=\"1920\" title=\"AboutUs-blq.Value_proposition.Tree-APTIMUS_CAPITAL_PARTNERS\" onerror=\"this.style.display='none'\"  \/>\n\n","protected":false},"excerpt":{"rendered":"<p>Sobre Nosotros Somos un gestor de inversi\u00f3n privada especializado en el mercado europeo. M\u00e1s Informaci\u00f3n Aptimus Capital Partners se enfoca en financiaci\u00f3n alternativa (non-sponsored) en geograf\u00edas y sectores desatendidos por el capital privado. Ofrecemos soluciones innovadoras de financiaci\u00f3n para el segmento middle market. Nos enfocamos en \u00e1reas especializadas del mercado donde hay escasez de capital&hellip;<\/p>\n","protected":false},"author":16,"featured_media":0,"parent":0,"menu_order":0,"comment_status":"closed","ping_status":"closed","template":"","meta":{"footnotes":""},"class_list":["post-1763","page","type-page","status-publish","hentry"],"yoast_head":"<!-- This site is optimized with the Yoast SEO plugin v27.5 - https:\/\/yoast.com\/product\/yoast-seo-wordpress\/ -->\n<title>Sobre Nosotros - Aptimus Capital Partners<\/title>\n<meta name=\"robots\" content=\"index, follow, max-snippet:-1, max-image-preview:large, max-video-preview:-1\" \/>\n<link rel=\"canonical\" href=\"https:\/\/aptimuscapital.com\/es\/sobre-nosotros\/\" \/>\n<meta property=\"og:locale\" content=\"es_ES\" \/>\n<meta property=\"og:type\" content=\"article\" \/>\n<meta property=\"og:title\" content=\"Sobre Nosotros - Aptimus Capital Partners\" \/>\n<meta property=\"og:description\" content=\"Sobre Nosotros Somos un gestor de inversi\u00f3n privada especializado en el mercado europeo. M\u00e1s Informaci\u00f3n Aptimus Capital Partners se enfoca en financiaci\u00f3n alternativa (non-sponsored) en geograf\u00edas y sectores desatendidos por el capital privado. Ofrecemos soluciones innovadoras de financiaci\u00f3n para el segmento middle market. Nos enfocamos en \u00e1reas especializadas del mercado donde hay escasez de capital&hellip;\" \/>\n<meta property=\"og:url\" content=\"https:\/\/aptimuscapital.com\/es\/sobre-nosotros\/\" \/>\n<meta property=\"og:site_name\" content=\"Aptimus Capital Partners\" \/>\n<meta property=\"article:modified_time\" content=\"2024-03-25T16:37:37+00:00\" \/>\n<meta property=\"og:image\" content=\"https:\/\/aptimuscapital.com\/wp-content\/uploads\/AboutUs-blq.Our_.values.Eye-APTIMUS_CAPITAL_PARTNERS.jpg\" \/>\n<meta name=\"twitter:card\" content=\"summary_large_image\" \/>\n<meta name=\"twitter:label1\" content=\"Tiempo de lectura\" \/>\n\t<meta name=\"twitter:data1\" content=\"5 minutos\" \/>\n<script type=\"application\/ld+json\" class=\"yoast-schema-graph\">{\"@context\":\"https:\\\/\\\/schema.org\",\"@graph\":[{\"@type\":\"WebPage\",\"@id\":\"https:\\\/\\\/aptimuscapital.com\\\/es\\\/sobre-nosotros\\\/\",\"url\":\"https:\\\/\\\/aptimuscapital.com\\\/es\\\/sobre-nosotros\\\/\",\"name\":\"Sobre Nosotros - Aptimus Capital Partners\",\"isPartOf\":{\"@id\":\"https:\\\/\\\/aptimuscapital.com\\\/es\\\/#website\"},\"primaryImageOfPage\":{\"@id\":\"https:\\\/\\\/aptimuscapital.com\\\/es\\\/sobre-nosotros\\\/#primaryimage\"},\"image\":{\"@id\":\"https:\\\/\\\/aptimuscapital.com\\\/es\\\/sobre-nosotros\\\/#primaryimage\"},\"thumbnailUrl\":\"https:\\\/\\\/aptimuscapital.com\\\/wp-content\\\/uploads\\\/AboutUs-blq.Our_.values.Eye-APTIMUS_CAPITAL_PARTNERS.jpg\",\"datePublished\":\"2022-08-29T06:48:24+00:00\",\"dateModified\":\"2024-03-25T16:37:37+00:00\",\"breadcrumb\":{\"@id\":\"https:\\\/\\\/aptimuscapital.com\\\/es\\\/sobre-nosotros\\\/#breadcrumb\"},\"inLanguage\":\"es\",\"potentialAction\":[{\"@type\":\"ReadAction\",\"target\":[\"https:\\\/\\\/aptimuscapital.com\\\/es\\\/sobre-nosotros\\\/\"]}]},{\"@type\":\"ImageObject\",\"inLanguage\":\"es\",\"@id\":\"https:\\\/\\\/aptimuscapital.com\\\/es\\\/sobre-nosotros\\\/#primaryimage\",\"url\":\"https:\\\/\\\/aptimuscapital.com\\\/wp-content\\\/uploads\\\/AboutUs-blq.Our_.values.Eye-APTIMUS_CAPITAL_PARTNERS.jpg\",\"contentUrl\":\"https:\\\/\\\/aptimuscapital.com\\\/wp-content\\\/uploads\\\/AboutUs-blq.Our_.values.Eye-APTIMUS_CAPITAL_PARTNERS.jpg\"},{\"@type\":\"BreadcrumbList\",\"@id\":\"https:\\\/\\\/aptimuscapital.com\\\/es\\\/sobre-nosotros\\\/#breadcrumb\",\"itemListElement\":[{\"@type\":\"ListItem\",\"position\":1,\"name\":\"Home\",\"item\":\"https:\\\/\\\/aptimuscapital.com\\\/es\\\/\"},{\"@type\":\"ListItem\",\"position\":2,\"name\":\"Sobre Nosotros\"}]},{\"@type\":\"WebSite\",\"@id\":\"https:\\\/\\\/aptimuscapital.com\\\/es\\\/#website\",\"url\":\"https:\\\/\\\/aptimuscapital.com\\\/es\\\/\",\"name\":\"Aptimus Capital Partners\",\"description\":\"Innovative solutions. Long-term value creation.\",\"publisher\":{\"@id\":\"https:\\\/\\\/aptimuscapital.com\\\/es\\\/#organization\"},\"potentialAction\":[{\"@type\":\"SearchAction\",\"target\":{\"@type\":\"EntryPoint\",\"urlTemplate\":\"https:\\\/\\\/aptimuscapital.com\\\/es\\\/?s={search_term_string}\"},\"query-input\":{\"@type\":\"PropertyValueSpecification\",\"valueRequired\":true,\"valueName\":\"search_term_string\"}}],\"inLanguage\":\"es\"},{\"@type\":\"Organization\",\"@id\":\"https:\\\/\\\/aptimuscapital.com\\\/es\\\/#organization\",\"name\":\"Aptimus Capital Partners\",\"url\":\"https:\\\/\\\/aptimuscapital.com\\\/es\\\/\",\"logo\":{\"@type\":\"ImageObject\",\"inLanguage\":\"es\",\"@id\":\"https:\\\/\\\/aptimuscapital.com\\\/es\\\/#\\\/schema\\\/logo\\\/image\\\/\",\"url\":\"https:\\\/\\\/aptimuscapital.com\\\/wp-content\\\/uploads\\\/Aptimus-Logo-Grey.png\",\"contentUrl\":\"https:\\\/\\\/aptimuscapital.com\\\/wp-content\\\/uploads\\\/Aptimus-Logo-Grey.png\",\"width\":520,\"height\":61,\"caption\":\"Aptimus Capital Partners\"},\"image\":{\"@id\":\"https:\\\/\\\/aptimuscapital.com\\\/es\\\/#\\\/schema\\\/logo\\\/image\\\/\"},\"sameAs\":[\"https:\\\/\\\/www.linkedin.com\\\/company\\\/aptimuscapitalpartners\\\/\"]}]}<\/script>\n<!-- \/ Yoast SEO plugin. -->","yoast_head_json":{"title":"Sobre Nosotros - Aptimus Capital Partners","robots":{"index":"index","follow":"follow","max-snippet":"max-snippet:-1","max-image-preview":"max-image-preview:large","max-video-preview":"max-video-preview:-1"},"canonical":"https:\/\/aptimuscapital.com\/es\/sobre-nosotros\/","og_locale":"es_ES","og_type":"article","og_title":"Sobre Nosotros - Aptimus Capital Partners","og_description":"Sobre Nosotros Somos un gestor de inversi\u00f3n privada especializado en el mercado europeo. M\u00e1s Informaci\u00f3n Aptimus Capital Partners se enfoca en financiaci\u00f3n alternativa (non-sponsored) en geograf\u00edas y sectores desatendidos por el capital privado. Ofrecemos soluciones innovadoras de financiaci\u00f3n para el segmento middle market. Nos enfocamos en \u00e1reas especializadas del mercado donde hay escasez de capital&hellip;","og_url":"https:\/\/aptimuscapital.com\/es\/sobre-nosotros\/","og_site_name":"Aptimus Capital Partners","article_modified_time":"2024-03-25T16:37:37+00:00","og_image":[{"url":"https:\/\/aptimuscapital.com\/wp-content\/uploads\/AboutUs-blq.Our_.values.Eye-APTIMUS_CAPITAL_PARTNERS.jpg","type":"","width":"","height":""}],"twitter_card":"summary_large_image","twitter_misc":{"Tiempo de lectura":"5 minutos"},"schema":{"@context":"https:\/\/schema.org","@graph":[{"@type":"WebPage","@id":"https:\/\/aptimuscapital.com\/es\/sobre-nosotros\/","url":"https:\/\/aptimuscapital.com\/es\/sobre-nosotros\/","name":"Sobre Nosotros - Aptimus Capital Partners","isPartOf":{"@id":"https:\/\/aptimuscapital.com\/es\/#website"},"primaryImageOfPage":{"@id":"https:\/\/aptimuscapital.com\/es\/sobre-nosotros\/#primaryimage"},"image":{"@id":"https:\/\/aptimuscapital.com\/es\/sobre-nosotros\/#primaryimage"},"thumbnailUrl":"https:\/\/aptimuscapital.com\/wp-content\/uploads\/AboutUs-blq.Our_.values.Eye-APTIMUS_CAPITAL_PARTNERS.jpg","datePublished":"2022-08-29T06:48:24+00:00","dateModified":"2024-03-25T16:37:37+00:00","breadcrumb":{"@id":"https:\/\/aptimuscapital.com\/es\/sobre-nosotros\/#breadcrumb"},"inLanguage":"es","potentialAction":[{"@type":"ReadAction","target":["https:\/\/aptimuscapital.com\/es\/sobre-nosotros\/"]}]},{"@type":"ImageObject","inLanguage":"es","@id":"https:\/\/aptimuscapital.com\/es\/sobre-nosotros\/#primaryimage","url":"https:\/\/aptimuscapital.com\/wp-content\/uploads\/AboutUs-blq.Our_.values.Eye-APTIMUS_CAPITAL_PARTNERS.jpg","contentUrl":"https:\/\/aptimuscapital.com\/wp-content\/uploads\/AboutUs-blq.Our_.values.Eye-APTIMUS_CAPITAL_PARTNERS.jpg"},{"@type":"BreadcrumbList","@id":"https:\/\/aptimuscapital.com\/es\/sobre-nosotros\/#breadcrumb","itemListElement":[{"@type":"ListItem","position":1,"name":"Home","item":"https:\/\/aptimuscapital.com\/es\/"},{"@type":"ListItem","position":2,"name":"Sobre Nosotros"}]},{"@type":"WebSite","@id":"https:\/\/aptimuscapital.com\/es\/#website","url":"https:\/\/aptimuscapital.com\/es\/","name":"Aptimus Capital Partners","description":"Innovative solutions. Long-term value creation.","publisher":{"@id":"https:\/\/aptimuscapital.com\/es\/#organization"},"potentialAction":[{"@type":"SearchAction","target":{"@type":"EntryPoint","urlTemplate":"https:\/\/aptimuscapital.com\/es\/?s={search_term_string}"},"query-input":{"@type":"PropertyValueSpecification","valueRequired":true,"valueName":"search_term_string"}}],"inLanguage":"es"},{"@type":"Organization","@id":"https:\/\/aptimuscapital.com\/es\/#organization","name":"Aptimus Capital Partners","url":"https:\/\/aptimuscapital.com\/es\/","logo":{"@type":"ImageObject","inLanguage":"es","@id":"https:\/\/aptimuscapital.com\/es\/#\/schema\/logo\/image\/","url":"https:\/\/aptimuscapital.com\/wp-content\/uploads\/Aptimus-Logo-Grey.png","contentUrl":"https:\/\/aptimuscapital.com\/wp-content\/uploads\/Aptimus-Logo-Grey.png","width":520,"height":61,"caption":"Aptimus Capital Partners"},"image":{"@id":"https:\/\/aptimuscapital.com\/es\/#\/schema\/logo\/image\/"},"sameAs":["https:\/\/www.linkedin.com\/company\/aptimuscapitalpartners\/"]}]}},"_links":{"self":[{"href":"https:\/\/aptimuscapital.com\/es\/wp-json\/wp\/v2\/pages\/1763","targetHints":{"allow":["GET"]}}],"collection":[{"href":"https:\/\/aptimuscapital.com\/es\/wp-json\/wp\/v2\/pages"}],"about":[{"href":"https:\/\/aptimuscapital.com\/es\/wp-json\/wp\/v2\/types\/page"}],"author":[{"embeddable":true,"href":"https:\/\/aptimuscapital.com\/es\/wp-json\/wp\/v2\/users\/16"}],"replies":[{"embeddable":true,"href":"https:\/\/aptimuscapital.com\/es\/wp-json\/wp\/v2\/comments?post=1763"}],"version-history":[{"count":6,"href":"https:\/\/aptimuscapital.com\/es\/wp-json\/wp\/v2\/pages\/1763\/revisions"}],"predecessor-version":[{"id":2084,"href":"https:\/\/aptimuscapital.com\/es\/wp-json\/wp\/v2\/pages\/1763\/revisions\/2084"}],"wp:attachment":[{"href":"https:\/\/aptimuscapital.com\/es\/wp-json\/wp\/v2\/media?parent=1763"}],"curies":[{"name":"wp","href":"https:\/\/api.w.org\/{rel}","templated":true}]}}