{"id":1765,"date":"2022-08-26T07:04:12","date_gmt":"2022-08-26T05:04:12","guid":{"rendered":"https:\/\/aptimuscapital.com\/soluciones\/"},"modified":"2024-03-26T12:08:03","modified_gmt":"2024-03-26T11:08:03","slug":"estrategias","status":"publish","type":"page","link":"https:\/\/aptimuscapital.com\/es\/estrategias\/","title":{"rendered":"Estrategias"},"content":{"rendered":"\n<h2>\n\t\tEstrategias\n\t<\/h2>\n\t<p>Operamos estrategias que se alinean con los tres pilares de nuestra filosof\u00eda de inversi\u00f3n.<\/p>\n\t<a href=\"#blq_directlending\">\n      M\u00e1s Informaci\u00f3n\n<\/a>\n\t\t\t\t\t\t\t\t\t<img loading=\"lazy\" decoding=\"async\" src=\"https:\/\/aptimuscapital.com\/wp-content\/uploads\/Solutions-blq.VR-APTIMUS_CAPITAL_PARTNERS.jpg\" alt=\"Solutions-blq.VR-APTIMUS_CAPITAL_PARTNERS\" itemprop=\"image\" height=\"1281\" width=\"1920\" srcset=\"https:\/\/aptimuscapital.com\/wp-content\/uploads\/Solutions-blq.VR-APTIMUS_CAPITAL_PARTNERS.jpg 1920w, https:\/\/aptimuscapital.com\/wp-content\/uploads\/Solutions-blq.VR-APTIMUS_CAPITAL_PARTNERS-300x200.jpg 300w, https:\/\/aptimuscapital.com\/wp-content\/uploads\/Solutions-blq.VR-APTIMUS_CAPITAL_PARTNERS-1024x683.jpg 1024w, https:\/\/aptimuscapital.com\/wp-content\/uploads\/Solutions-blq.VR-APTIMUS_CAPITAL_PARTNERS-768x512.jpg 768w, https:\/\/aptimuscapital.com\/wp-content\/uploads\/Solutions-blq.VR-APTIMUS_CAPITAL_PARTNERS-1536x1025.jpg 1536w\" sizes=\"auto, (max-width: 1920px) 100vw, 1920px\" title=\"Solutions-blq.VR-APTIMUS_CAPITAL_PARTNERS\" onerror=\"this.style.display='none'\"  \/>\n\t\t\t<h2>Direct Lending<\/h2>\n\t\t\n\t\t\tProporcionamos soluciones de financiaci\u00f3n alternativa <em>(direct lending)<\/em> a empresas de mediana capitalizaci\u00f3n y con fuerte potencial de crecimiento, sin la necesidad de un <em>sponsor<\/em>.\n\t\t\n\t\t\t<p>Ofrecemos un amplio abanico de soluciones flexibles y personalizadas, que abarcan desde estructuras de deuda senior hasta productos h\u00edbridos que, bajo el formato de deuda, nos permiten capturar el incremento de valor, manteniendo al mismo tiempo protecci\u00f3n frente a p\u00e9rdidas.Al proporcionar capital de crecimiento sin necesidad de que el accionariado se diluya, impulsamos el valor de los empresarios, ofreciendo perfiles de rentabilidad diversos y atractivos para nuestros inversores.<\/p>\t\t\n\t\t\t<h2>Estrategia de Cr\u00e9dito Privado de Impacto<\/h2>\n\t\t\n\t\t\tNuestra Estrategia de Cr\u00e9dito Privado de Impacto se centra exclusivamente en pr\u00e9stamos a empresas alineadas con los principales Objetivos de Desarrollo Sostenible de la ONU que tengan fundamentos de inversi\u00f3n s\u00f3lidos, se apoyen en tendencias seculares y posean caracter\u00edsticas estructurales dentro de su mercado.\n\t\t\n\t\t\t<p>Nuestro enfoque se centra en: 1) la intencionalidad del negocio, 2) la generaci\u00f3n de valor a\u00f1adido adicional mediante nuestra inversi\u00f3n y 3) la medici\u00f3n del impacto social y\/o ambiental generado.<\/p>\n<p>Nuestra metodolog\u00eda propietaria de cuantificaci\u00f3n de impacto desarrolla indicadores adaptados a cada empresa, los cuales se miden a lo largo de la transacci\u00f3n y se integran en nuestra tesis de impacto.<\/p>\n\t\t\t\t\t\t\t\t\t<img loading=\"lazy\" decoding=\"async\" src=\"https:\/\/aptimuscapital.com\/wp-content\/uploads\/Solutions-blq.Solar-Sk01-APTIMUS_CAPITAL_PARTNERS.jpg\" alt=\"Solutions-blq.Solar-Sk01-APTIMUS_CAPITAL_PARTNERS\" itemprop=\"image\" height=\"1080\" width=\"1666\" srcset=\"https:\/\/aptimuscapital.com\/wp-content\/uploads\/Solutions-blq.Solar-Sk01-APTIMUS_CAPITAL_PARTNERS.jpg 1666w, https:\/\/aptimuscapital.com\/wp-content\/uploads\/Solutions-blq.Solar-Sk01-APTIMUS_CAPITAL_PARTNERS-300x194.jpg 300w, https:\/\/aptimuscapital.com\/wp-content\/uploads\/Solutions-blq.Solar-Sk01-APTIMUS_CAPITAL_PARTNERS-1024x664.jpg 1024w, https:\/\/aptimuscapital.com\/wp-content\/uploads\/Solutions-blq.Solar-Sk01-APTIMUS_CAPITAL_PARTNERS-768x498.jpg 768w, https:\/\/aptimuscapital.com\/wp-content\/uploads\/Solutions-blq.Solar-Sk01-APTIMUS_CAPITAL_PARTNERS-1536x996.jpg 1536w\" sizes=\"auto, (max-width: 1666px) 100vw, 1666px\" title=\"Solutions-blq.Solar-Sk01-APTIMUS_CAPITAL_PARTNERS\" onerror=\"this.style.display='none'\"  \/>\n\t\t\t\t\t\t\t\t\t<img loading=\"lazy\" decoding=\"async\" src=\"https:\/\/aptimuscapital.com\/wp-content\/uploads\/Solutions-blq.Robot-APTIMUS_CAPITAL_PARTNERS.jpg\" alt=\"Solutions-blq.Robot-APTIMUS_CAPITAL_PARTNERS\" itemprop=\"image\" height=\"1280\" width=\"1920\" srcset=\"https:\/\/aptimuscapital.com\/wp-content\/uploads\/Solutions-blq.Robot-APTIMUS_CAPITAL_PARTNERS.jpg 1920w, https:\/\/aptimuscapital.com\/wp-content\/uploads\/Solutions-blq.Robot-APTIMUS_CAPITAL_PARTNERS-300x200.jpg 300w, https:\/\/aptimuscapital.com\/wp-content\/uploads\/Solutions-blq.Robot-APTIMUS_CAPITAL_PARTNERS-1024x683.jpg 1024w, https:\/\/aptimuscapital.com\/wp-content\/uploads\/Solutions-blq.Robot-APTIMUS_CAPITAL_PARTNERS-768x512.jpg 768w, https:\/\/aptimuscapital.com\/wp-content\/uploads\/Solutions-blq.Robot-APTIMUS_CAPITAL_PARTNERS-1536x1024.jpg 1536w\" sizes=\"auto, (max-width: 1920px) 100vw, 1920px\" title=\"Solutions-blq.Robot-APTIMUS_CAPITAL_PARTNERS\" onerror=\"this.style.display='none'\"  \/>\n\t\t\t<h2>Financiaci\u00f3n de activos sostenibles<\/h2>\n\t\t\n\t\t\tOfrecemos pr\u00e9stamos garantizados por activos a empresas para equipos especializados en los sectores de energ\u00edas renovables, reciclaje y servicios <em>offshore<\/em>. Esta \u00e1rea del mercado puede ser compleja y requiere conocimientos t\u00e9cnicos para obtener resultados \u00f3ptimos.\n\t\t\n\t\t\t<p>Los pr\u00e9stamos est\u00e1n respaldados por activos tangibles con valor de mercado, lo que proporciona a los inversores una protecci\u00f3n adicional a su inversi\u00f3n.<\/p>\t\t\n\t\t\t<h2>Otras Soluciones<\/h2>\n\t\t\n\t\t\tEn el curso de nuestras actividades operativas, encontramos oportunidades atractivas en soluciones de capital y activos reales. Participamos selectivamente en estas oportunidades en las que creemos que podemos alcanzar un perfil de riesgo y rentabilidad convincente.\n\t\t\n\t<p>Ofrecemos servicios de asesoramiento independiente para aquellas empresas que buscan soluciones flexibles e innovadoras, v\u00edas de acceso a capital y estrategias de alineaci\u00f3n de impacto o mejora en su posicionamiento ESG.<\/p>\n<p>Si tiene inter\u00e9s en estas soluciones, le invitamos a <a href=\"https:\/\/aptimuscapital.com\/es\/contacto\/\">contactarnos<\/a>, con el fin de abordar el asunto con mayor profundidad.<\/p>\n\n","protected":false},"excerpt":{"rendered":"<p>Estrategias Operamos estrategias que se alinean con los tres pilares de nuestra filosof\u00eda de inversi\u00f3n. M\u00e1s Informaci\u00f3n Direct Lending Proporcionamos soluciones de financiaci\u00f3n alternativa (direct lending) a empresas de mediana capitalizaci\u00f3n y con fuerte potencial de crecimiento, sin la necesidad de un sponsor. Ofrecemos un amplio abanico de soluciones flexibles y personalizadas, que abarcan desde&hellip;<\/p>\n","protected":false},"author":16,"featured_media":0,"parent":0,"menu_order":0,"comment_status":"closed","ping_status":"closed","template":"","meta":{"footnotes":""},"class_list":["post-1765","page","type-page","status-publish","hentry"],"yoast_head":"<!-- This site is optimized with the Yoast SEO plugin v27.4 - https:\/\/yoast.com\/product\/yoast-seo-wordpress\/ -->\n<title>Estrategias - Aptimus Capital Partners<\/title>\n<meta name=\"description\" content=\"Ofrecemos un amplio abanico de soluciones que se alinean con los pilares clave de nuestra filosof\u00eda de inversi\u00f3n.\" \/>\n<meta name=\"robots\" content=\"index, follow, max-snippet:-1, max-image-preview:large, max-video-preview:-1\" \/>\n<link rel=\"canonical\" href=\"https:\/\/aptimuscapital.com\/es\/estrategias\/\" \/>\n<meta property=\"og:locale\" content=\"es_ES\" \/>\n<meta property=\"og:type\" content=\"article\" \/>\n<meta property=\"og:title\" content=\"Estrategias - Aptimus Capital Partners\" \/>\n<meta property=\"og:description\" content=\"Ofrecemos un amplio abanico de soluciones que se alinean con los pilares clave de nuestra filosof\u00eda de inversi\u00f3n.\" \/>\n<meta property=\"og:url\" content=\"https:\/\/aptimuscapital.com\/es\/estrategias\/\" \/>\n<meta property=\"og:site_name\" content=\"Aptimus Capital Partners\" \/>\n<meta property=\"article:modified_time\" content=\"2024-03-26T11:08:03+00:00\" \/>\n<meta property=\"og:image\" content=\"https:\/\/aptimuscapital.com\/wp-content\/uploads\/Solutions-blq.VR-APTIMUS_CAPITAL_PARTNERS.jpg\" \/>\n<meta name=\"twitter:card\" content=\"summary_large_image\" \/>\n<meta name=\"twitter:label1\" content=\"Tiempo de lectura\" \/>\n\t<meta name=\"twitter:data1\" content=\"3 minutos\" \/>\n<script type=\"application\/ld+json\" class=\"yoast-schema-graph\">{\"@context\":\"https:\\\/\\\/schema.org\",\"@graph\":[{\"@type\":\"WebPage\",\"@id\":\"https:\\\/\\\/aptimuscapital.com\\\/es\\\/estrategias\\\/\",\"url\":\"https:\\\/\\\/aptimuscapital.com\\\/es\\\/estrategias\\\/\",\"name\":\"Estrategias - Aptimus Capital Partners\",\"isPartOf\":{\"@id\":\"https:\\\/\\\/aptimuscapital.com\\\/es\\\/#website\"},\"primaryImageOfPage\":{\"@id\":\"https:\\\/\\\/aptimuscapital.com\\\/es\\\/estrategias\\\/#primaryimage\"},\"image\":{\"@id\":\"https:\\\/\\\/aptimuscapital.com\\\/es\\\/estrategias\\\/#primaryimage\"},\"thumbnailUrl\":\"https:\\\/\\\/aptimuscapital.com\\\/wp-content\\\/uploads\\\/Solutions-blq.VR-APTIMUS_CAPITAL_PARTNERS.jpg\",\"datePublished\":\"2022-08-26T05:04:12+00:00\",\"dateModified\":\"2024-03-26T11:08:03+00:00\",\"description\":\"Ofrecemos un amplio abanico de soluciones que se alinean con los pilares clave de nuestra filosof\u00eda de inversi\u00f3n.\",\"breadcrumb\":{\"@id\":\"https:\\\/\\\/aptimuscapital.com\\\/es\\\/estrategias\\\/#breadcrumb\"},\"inLanguage\":\"es\",\"potentialAction\":[{\"@type\":\"ReadAction\",\"target\":[\"https:\\\/\\\/aptimuscapital.com\\\/es\\\/estrategias\\\/\"]}]},{\"@type\":\"ImageObject\",\"inLanguage\":\"es\",\"@id\":\"https:\\\/\\\/aptimuscapital.com\\\/es\\\/estrategias\\\/#primaryimage\",\"url\":\"https:\\\/\\\/aptimuscapital.com\\\/wp-content\\\/uploads\\\/Solutions-blq.VR-APTIMUS_CAPITAL_PARTNERS.jpg\",\"contentUrl\":\"https:\\\/\\\/aptimuscapital.com\\\/wp-content\\\/uploads\\\/Solutions-blq.VR-APTIMUS_CAPITAL_PARTNERS.jpg\"},{\"@type\":\"BreadcrumbList\",\"@id\":\"https:\\\/\\\/aptimuscapital.com\\\/es\\\/estrategias\\\/#breadcrumb\",\"itemListElement\":[{\"@type\":\"ListItem\",\"position\":1,\"name\":\"Home\",\"item\":\"https:\\\/\\\/aptimuscapital.com\\\/es\\\/\"},{\"@type\":\"ListItem\",\"position\":2,\"name\":\"Estrategias\"}]},{\"@type\":\"WebSite\",\"@id\":\"https:\\\/\\\/aptimuscapital.com\\\/es\\\/#website\",\"url\":\"https:\\\/\\\/aptimuscapital.com\\\/es\\\/\",\"name\":\"Aptimus Capital Partners\",\"description\":\"Innovative solutions. Long-term value creation.\",\"publisher\":{\"@id\":\"https:\\\/\\\/aptimuscapital.com\\\/es\\\/#organization\"},\"potentialAction\":[{\"@type\":\"SearchAction\",\"target\":{\"@type\":\"EntryPoint\",\"urlTemplate\":\"https:\\\/\\\/aptimuscapital.com\\\/es\\\/?s={search_term_string}\"},\"query-input\":{\"@type\":\"PropertyValueSpecification\",\"valueRequired\":true,\"valueName\":\"search_term_string\"}}],\"inLanguage\":\"es\"},{\"@type\":\"Organization\",\"@id\":\"https:\\\/\\\/aptimuscapital.com\\\/es\\\/#organization\",\"name\":\"Aptimus Capital Partners\",\"url\":\"https:\\\/\\\/aptimuscapital.com\\\/es\\\/\",\"logo\":{\"@type\":\"ImageObject\",\"inLanguage\":\"es\",\"@id\":\"https:\\\/\\\/aptimuscapital.com\\\/es\\\/#\\\/schema\\\/logo\\\/image\\\/\",\"url\":\"https:\\\/\\\/aptimuscapital.com\\\/wp-content\\\/uploads\\\/Aptimus-Logo-Grey.png\",\"contentUrl\":\"https:\\\/\\\/aptimuscapital.com\\\/wp-content\\\/uploads\\\/Aptimus-Logo-Grey.png\",\"width\":520,\"height\":61,\"caption\":\"Aptimus Capital Partners\"},\"image\":{\"@id\":\"https:\\\/\\\/aptimuscapital.com\\\/es\\\/#\\\/schema\\\/logo\\\/image\\\/\"},\"sameAs\":[\"https:\\\/\\\/www.linkedin.com\\\/company\\\/aptimuscapitalpartners\\\/\"]}]}<\/script>\n<!-- \/ Yoast SEO plugin. -->","yoast_head_json":{"title":"Estrategias - Aptimus Capital Partners","description":"Ofrecemos un amplio abanico de soluciones que se alinean con los pilares clave de nuestra filosof\u00eda de inversi\u00f3n.","robots":{"index":"index","follow":"follow","max-snippet":"max-snippet:-1","max-image-preview":"max-image-preview:large","max-video-preview":"max-video-preview:-1"},"canonical":"https:\/\/aptimuscapital.com\/es\/estrategias\/","og_locale":"es_ES","og_type":"article","og_title":"Estrategias - Aptimus Capital Partners","og_description":"Ofrecemos un amplio abanico de soluciones que se alinean con los pilares clave de nuestra filosof\u00eda de inversi\u00f3n.","og_url":"https:\/\/aptimuscapital.com\/es\/estrategias\/","og_site_name":"Aptimus Capital Partners","article_modified_time":"2024-03-26T11:08:03+00:00","og_image":[{"url":"https:\/\/aptimuscapital.com\/wp-content\/uploads\/Solutions-blq.VR-APTIMUS_CAPITAL_PARTNERS.jpg","type":"","width":"","height":""}],"twitter_card":"summary_large_image","twitter_misc":{"Tiempo de lectura":"3 minutos"},"schema":{"@context":"https:\/\/schema.org","@graph":[{"@type":"WebPage","@id":"https:\/\/aptimuscapital.com\/es\/estrategias\/","url":"https:\/\/aptimuscapital.com\/es\/estrategias\/","name":"Estrategias - Aptimus Capital Partners","isPartOf":{"@id":"https:\/\/aptimuscapital.com\/es\/#website"},"primaryImageOfPage":{"@id":"https:\/\/aptimuscapital.com\/es\/estrategias\/#primaryimage"},"image":{"@id":"https:\/\/aptimuscapital.com\/es\/estrategias\/#primaryimage"},"thumbnailUrl":"https:\/\/aptimuscapital.com\/wp-content\/uploads\/Solutions-blq.VR-APTIMUS_CAPITAL_PARTNERS.jpg","datePublished":"2022-08-26T05:04:12+00:00","dateModified":"2024-03-26T11:08:03+00:00","description":"Ofrecemos un amplio abanico de soluciones que se alinean con los pilares clave de nuestra filosof\u00eda de inversi\u00f3n.","breadcrumb":{"@id":"https:\/\/aptimuscapital.com\/es\/estrategias\/#breadcrumb"},"inLanguage":"es","potentialAction":[{"@type":"ReadAction","target":["https:\/\/aptimuscapital.com\/es\/estrategias\/"]}]},{"@type":"ImageObject","inLanguage":"es","@id":"https:\/\/aptimuscapital.com\/es\/estrategias\/#primaryimage","url":"https:\/\/aptimuscapital.com\/wp-content\/uploads\/Solutions-blq.VR-APTIMUS_CAPITAL_PARTNERS.jpg","contentUrl":"https:\/\/aptimuscapital.com\/wp-content\/uploads\/Solutions-blq.VR-APTIMUS_CAPITAL_PARTNERS.jpg"},{"@type":"BreadcrumbList","@id":"https:\/\/aptimuscapital.com\/es\/estrategias\/#breadcrumb","itemListElement":[{"@type":"ListItem","position":1,"name":"Home","item":"https:\/\/aptimuscapital.com\/es\/"},{"@type":"ListItem","position":2,"name":"Estrategias"}]},{"@type":"WebSite","@id":"https:\/\/aptimuscapital.com\/es\/#website","url":"https:\/\/aptimuscapital.com\/es\/","name":"Aptimus Capital Partners","description":"Innovative solutions. Long-term value creation.","publisher":{"@id":"https:\/\/aptimuscapital.com\/es\/#organization"},"potentialAction":[{"@type":"SearchAction","target":{"@type":"EntryPoint","urlTemplate":"https:\/\/aptimuscapital.com\/es\/?s={search_term_string}"},"query-input":{"@type":"PropertyValueSpecification","valueRequired":true,"valueName":"search_term_string"}}],"inLanguage":"es"},{"@type":"Organization","@id":"https:\/\/aptimuscapital.com\/es\/#organization","name":"Aptimus Capital Partners","url":"https:\/\/aptimuscapital.com\/es\/","logo":{"@type":"ImageObject","inLanguage":"es","@id":"https:\/\/aptimuscapital.com\/es\/#\/schema\/logo\/image\/","url":"https:\/\/aptimuscapital.com\/wp-content\/uploads\/Aptimus-Logo-Grey.png","contentUrl":"https:\/\/aptimuscapital.com\/wp-content\/uploads\/Aptimus-Logo-Grey.png","width":520,"height":61,"caption":"Aptimus Capital Partners"},"image":{"@id":"https:\/\/aptimuscapital.com\/es\/#\/schema\/logo\/image\/"},"sameAs":["https:\/\/www.linkedin.com\/company\/aptimuscapitalpartners\/"]}]}},"_links":{"self":[{"href":"https:\/\/aptimuscapital.com\/es\/wp-json\/wp\/v2\/pages\/1765","targetHints":{"allow":["GET"]}}],"collection":[{"href":"https:\/\/aptimuscapital.com\/es\/wp-json\/wp\/v2\/pages"}],"about":[{"href":"https:\/\/aptimuscapital.com\/es\/wp-json\/wp\/v2\/types\/page"}],"author":[{"embeddable":true,"href":"https:\/\/aptimuscapital.com\/es\/wp-json\/wp\/v2\/users\/16"}],"replies":[{"embeddable":true,"href":"https:\/\/aptimuscapital.com\/es\/wp-json\/wp\/v2\/comments?post=1765"}],"version-history":[{"count":6,"href":"https:\/\/aptimuscapital.com\/es\/wp-json\/wp\/v2\/pages\/1765\/revisions"}],"predecessor-version":[{"id":2093,"href":"https:\/\/aptimuscapital.com\/es\/wp-json\/wp\/v2\/pages\/1765\/revisions\/2093"}],"wp:attachment":[{"href":"https:\/\/aptimuscapital.com\/es\/wp-json\/wp\/v2\/media?parent=1765"}],"curies":[{"name":"wp","href":"https:\/\/api.w.org\/{rel}","templated":true}]}}