{"id":1766,"date":"2022-08-29T07:57:14","date_gmt":"2022-08-29T05:57:14","guid":{"rendered":"https:\/\/aptimuscapital.com\/impacto\/"},"modified":"2024-07-25T16:39:45","modified_gmt":"2024-07-25T14:39:45","slug":"impacto","status":"publish","type":"page","link":"https:\/\/aptimuscapital.com\/es\/impacto\/","title":{"rendered":"Impacto"},"content":{"rendered":"\n<h2>\n\t\tImpacto\n\t<\/h2>\n\t<p>Buscamos invertir en empresas que generen un impacto social y\/o medioambiental positivo a largo plazo.<\/p>\n\t<a href=\"#blq_approach\">\n      M\u00e1s Informaci\u00f3n\n<\/a>\n<h2>\n\t\tInversi\u00f3n Responsable\n\t<\/h2>\n\t<p>Creemos que todos los participantes del ciclo de inversi\u00f3n son responsables del impacto social y medioambiental, ya sean los gestores de fondos, las empresas o los inversores. El apoyo de inversiones de capital privado es fundamental para alcanzar los objetivos a los que aspiran los marcos regulatorios e iniciativas como el Pacto Verde de la UE, el Acuerdo de Par\u00eds o los ODS de la ONU.<\/p>\n\t<p>La integraci\u00f3n de consideraciones ESG puede ayudar a las empresas a impulsar el crecimiento de la innovaci\u00f3n, generar una ventaja competitiva sostenible y hacer que sus negocios sean m\u00e1s resistentes y flexibles para adaptarse a cambios en el futuro, en contraste con aquellos que retrasan esta integraci\u00f3n.<\/p>\n<p>Hemos creado un enfoque pr\u00e1ctico de Inversi\u00f3n Responsable, que est\u00e1 totalmente integrado en nuestro proceso de originaci\u00f3n e inversi\u00f3n. Esto nos permite identificar empresas que pueden ofrecer mejor rentabilidad ajustada al riesgo a largo plazo.<\/p>\n<p>Somos signatarios de los Principios para la Inversi\u00f3n Responsable de la ONU (UN PRI) y de Pensions for Purpose. Tambi\u00e9n estamos afiliados a asociaciones de la industria financiera a nivel nacional (como Spainsif y Spaincap) y a iniciativas regionales alineadas con los Objetivos de Desarrollo Sostenible de la ONU.<\/p>\n<h2>\n\t\tFilosof\u00eda de Impacto\n\t<\/h2>\n\t<p>Ofreciendo soluciones de capital a largo plazo a las empresas adecuadas del <em>middle market<\/em>, contribuimos al apoyo de la sociedad en general y del medio ambiente.<\/p>\n\t<p>A lo largo de la vida de cada inversi\u00f3n, uno de nuestros objetivos es nutrir, desarrollar y mejorar sus capacidades ESG y contribuir al desarrollo de una estrategia de impacto para nuestras empresas participadas. Creemos que podemos acelerar los resultados sociales y medioambientales positivos, sin comprometer el rendimiento financiero. <\/p>\n\t<p>Adoptamos una visi\u00f3n equilibrada teniendo en cuenta la eficacia empresarial y la madurez ESG, centr\u00e1ndonos en equipos directivos excelentes y modelos de negocio s\u00f3lidos, proporcionando soluciones adaptadas. Nos enorgullecemos del alto nivel de compromiso que mantenemos con las compa\u00f1\u00edas que apoyamos.<\/p>\n\n","protected":false},"excerpt":{"rendered":"<p>Impacto Buscamos invertir en empresas que generen un impacto social y\/o medioambiental positivo a largo plazo. M\u00e1s Informaci\u00f3n Inversi\u00f3n Responsable Creemos que todos los participantes del ciclo de inversi\u00f3n son responsables del impacto social y medioambiental, ya sean los gestores de fondos, las empresas o los inversores. El apoyo de inversiones de capital privado es&hellip;<\/p>\n","protected":false},"author":16,"featured_media":0,"parent":0,"menu_order":0,"comment_status":"closed","ping_status":"closed","template":"","meta":{"footnotes":""},"class_list":["post-1766","page","type-page","status-publish","hentry"],"yoast_head":"<!-- This site is optimized with the Yoast SEO plugin v27.4 - https:\/\/yoast.com\/product\/yoast-seo-wordpress\/ -->\n<title>Impacto - Aptimus Capital Partners<\/title>\n<meta name=\"description\" content=\"Hemos creado un enfoque reflexivo y pr\u00e1ctico de Inversi\u00f3n Responsable, que est\u00e1 totalmente integrado en nuestro proceso de originaci\u00f3n e inversi\u00f3n.\" \/>\n<meta name=\"robots\" content=\"index, follow, max-snippet:-1, max-image-preview:large, max-video-preview:-1\" \/>\n<link rel=\"canonical\" href=\"https:\/\/aptimuscapital.com\/es\/impacto\/\" \/>\n<meta property=\"og:locale\" content=\"es_ES\" \/>\n<meta property=\"og:type\" content=\"article\" \/>\n<meta property=\"og:title\" content=\"Impacto - Aptimus Capital Partners\" \/>\n<meta property=\"og:description\" content=\"Hemos creado un enfoque reflexivo y pr\u00e1ctico de Inversi\u00f3n Responsable, que est\u00e1 totalmente integrado en nuestro proceso de originaci\u00f3n e inversi\u00f3n.\" \/>\n<meta property=\"og:url\" content=\"https:\/\/aptimuscapital.com\/es\/impacto\/\" \/>\n<meta property=\"og:site_name\" content=\"Aptimus Capital Partners\" \/>\n<meta property=\"article:modified_time\" content=\"2024-07-25T14:39:45+00:00\" \/>\n<meta name=\"twitter:card\" content=\"summary_large_image\" \/>\n<meta name=\"twitter:label1\" content=\"Tiempo de lectura\" \/>\n\t<meta name=\"twitter:data1\" content=\"2 minutos\" \/>\n<script type=\"application\/ld+json\" class=\"yoast-schema-graph\">{\"@context\":\"https:\\\/\\\/schema.org\",\"@graph\":[{\"@type\":\"WebPage\",\"@id\":\"https:\\\/\\\/aptimuscapital.com\\\/es\\\/impacto\\\/\",\"url\":\"https:\\\/\\\/aptimuscapital.com\\\/es\\\/impacto\\\/\",\"name\":\"Impacto - Aptimus Capital Partners\",\"isPartOf\":{\"@id\":\"https:\\\/\\\/aptimuscapital.com\\\/es\\\/#website\"},\"datePublished\":\"2022-08-29T05:57:14+00:00\",\"dateModified\":\"2024-07-25T14:39:45+00:00\",\"description\":\"Hemos creado un enfoque reflexivo y pr\u00e1ctico de Inversi\u00f3n Responsable, que est\u00e1 totalmente integrado en nuestro proceso de originaci\u00f3n e inversi\u00f3n.\",\"breadcrumb\":{\"@id\":\"https:\\\/\\\/aptimuscapital.com\\\/es\\\/impacto\\\/#breadcrumb\"},\"inLanguage\":\"es\",\"potentialAction\":[{\"@type\":\"ReadAction\",\"target\":[\"https:\\\/\\\/aptimuscapital.com\\\/es\\\/impacto\\\/\"]}]},{\"@type\":\"BreadcrumbList\",\"@id\":\"https:\\\/\\\/aptimuscapital.com\\\/es\\\/impacto\\\/#breadcrumb\",\"itemListElement\":[{\"@type\":\"ListItem\",\"position\":1,\"name\":\"Home\",\"item\":\"https:\\\/\\\/aptimuscapital.com\\\/es\\\/\"},{\"@type\":\"ListItem\",\"position\":2,\"name\":\"Impacto\"}]},{\"@type\":\"WebSite\",\"@id\":\"https:\\\/\\\/aptimuscapital.com\\\/es\\\/#website\",\"url\":\"https:\\\/\\\/aptimuscapital.com\\\/es\\\/\",\"name\":\"Aptimus Capital Partners\",\"description\":\"Innovative solutions. Long-term value creation.\",\"publisher\":{\"@id\":\"https:\\\/\\\/aptimuscapital.com\\\/es\\\/#organization\"},\"potentialAction\":[{\"@type\":\"SearchAction\",\"target\":{\"@type\":\"EntryPoint\",\"urlTemplate\":\"https:\\\/\\\/aptimuscapital.com\\\/es\\\/?s={search_term_string}\"},\"query-input\":{\"@type\":\"PropertyValueSpecification\",\"valueRequired\":true,\"valueName\":\"search_term_string\"}}],\"inLanguage\":\"es\"},{\"@type\":\"Organization\",\"@id\":\"https:\\\/\\\/aptimuscapital.com\\\/es\\\/#organization\",\"name\":\"Aptimus Capital Partners\",\"url\":\"https:\\\/\\\/aptimuscapital.com\\\/es\\\/\",\"logo\":{\"@type\":\"ImageObject\",\"inLanguage\":\"es\",\"@id\":\"https:\\\/\\\/aptimuscapital.com\\\/es\\\/#\\\/schema\\\/logo\\\/image\\\/\",\"url\":\"https:\\\/\\\/aptimuscapital.com\\\/wp-content\\\/uploads\\\/Aptimus-Logo-Grey.png\",\"contentUrl\":\"https:\\\/\\\/aptimuscapital.com\\\/wp-content\\\/uploads\\\/Aptimus-Logo-Grey.png\",\"width\":520,\"height\":61,\"caption\":\"Aptimus Capital Partners\"},\"image\":{\"@id\":\"https:\\\/\\\/aptimuscapital.com\\\/es\\\/#\\\/schema\\\/logo\\\/image\\\/\"},\"sameAs\":[\"https:\\\/\\\/www.linkedin.com\\\/company\\\/aptimuscapitalpartners\\\/\"]}]}<\/script>\n<!-- \/ Yoast SEO plugin. -->","yoast_head_json":{"title":"Impacto - Aptimus Capital Partners","description":"Hemos creado un enfoque reflexivo y pr\u00e1ctico de Inversi\u00f3n Responsable, que est\u00e1 totalmente integrado en nuestro proceso de originaci\u00f3n e inversi\u00f3n.","robots":{"index":"index","follow":"follow","max-snippet":"max-snippet:-1","max-image-preview":"max-image-preview:large","max-video-preview":"max-video-preview:-1"},"canonical":"https:\/\/aptimuscapital.com\/es\/impacto\/","og_locale":"es_ES","og_type":"article","og_title":"Impacto - Aptimus Capital Partners","og_description":"Hemos creado un enfoque reflexivo y pr\u00e1ctico de Inversi\u00f3n Responsable, que est\u00e1 totalmente integrado en nuestro proceso de originaci\u00f3n e inversi\u00f3n.","og_url":"https:\/\/aptimuscapital.com\/es\/impacto\/","og_site_name":"Aptimus Capital Partners","article_modified_time":"2024-07-25T14:39:45+00:00","twitter_card":"summary_large_image","twitter_misc":{"Tiempo de lectura":"2 minutos"},"schema":{"@context":"https:\/\/schema.org","@graph":[{"@type":"WebPage","@id":"https:\/\/aptimuscapital.com\/es\/impacto\/","url":"https:\/\/aptimuscapital.com\/es\/impacto\/","name":"Impacto - Aptimus Capital Partners","isPartOf":{"@id":"https:\/\/aptimuscapital.com\/es\/#website"},"datePublished":"2022-08-29T05:57:14+00:00","dateModified":"2024-07-25T14:39:45+00:00","description":"Hemos creado un enfoque reflexivo y pr\u00e1ctico de Inversi\u00f3n Responsable, que est\u00e1 totalmente integrado en nuestro proceso de originaci\u00f3n e inversi\u00f3n.","breadcrumb":{"@id":"https:\/\/aptimuscapital.com\/es\/impacto\/#breadcrumb"},"inLanguage":"es","potentialAction":[{"@type":"ReadAction","target":["https:\/\/aptimuscapital.com\/es\/impacto\/"]}]},{"@type":"BreadcrumbList","@id":"https:\/\/aptimuscapital.com\/es\/impacto\/#breadcrumb","itemListElement":[{"@type":"ListItem","position":1,"name":"Home","item":"https:\/\/aptimuscapital.com\/es\/"},{"@type":"ListItem","position":2,"name":"Impacto"}]},{"@type":"WebSite","@id":"https:\/\/aptimuscapital.com\/es\/#website","url":"https:\/\/aptimuscapital.com\/es\/","name":"Aptimus Capital Partners","description":"Innovative solutions. Long-term value creation.","publisher":{"@id":"https:\/\/aptimuscapital.com\/es\/#organization"},"potentialAction":[{"@type":"SearchAction","target":{"@type":"EntryPoint","urlTemplate":"https:\/\/aptimuscapital.com\/es\/?s={search_term_string}"},"query-input":{"@type":"PropertyValueSpecification","valueRequired":true,"valueName":"search_term_string"}}],"inLanguage":"es"},{"@type":"Organization","@id":"https:\/\/aptimuscapital.com\/es\/#organization","name":"Aptimus Capital Partners","url":"https:\/\/aptimuscapital.com\/es\/","logo":{"@type":"ImageObject","inLanguage":"es","@id":"https:\/\/aptimuscapital.com\/es\/#\/schema\/logo\/image\/","url":"https:\/\/aptimuscapital.com\/wp-content\/uploads\/Aptimus-Logo-Grey.png","contentUrl":"https:\/\/aptimuscapital.com\/wp-content\/uploads\/Aptimus-Logo-Grey.png","width":520,"height":61,"caption":"Aptimus Capital Partners"},"image":{"@id":"https:\/\/aptimuscapital.com\/es\/#\/schema\/logo\/image\/"},"sameAs":["https:\/\/www.linkedin.com\/company\/aptimuscapitalpartners\/"]}]}},"_links":{"self":[{"href":"https:\/\/aptimuscapital.com\/es\/wp-json\/wp\/v2\/pages\/1766","targetHints":{"allow":["GET"]}}],"collection":[{"href":"https:\/\/aptimuscapital.com\/es\/wp-json\/wp\/v2\/pages"}],"about":[{"href":"https:\/\/aptimuscapital.com\/es\/wp-json\/wp\/v2\/types\/page"}],"author":[{"embeddable":true,"href":"https:\/\/aptimuscapital.com\/es\/wp-json\/wp\/v2\/users\/16"}],"replies":[{"embeddable":true,"href":"https:\/\/aptimuscapital.com\/es\/wp-json\/wp\/v2\/comments?post=1766"}],"version-history":[{"count":4,"href":"https:\/\/aptimuscapital.com\/es\/wp-json\/wp\/v2\/pages\/1766\/revisions"}],"predecessor-version":[{"id":2179,"href":"https:\/\/aptimuscapital.com\/es\/wp-json\/wp\/v2\/pages\/1766\/revisions\/2179"}],"wp:attachment":[{"href":"https:\/\/aptimuscapital.com\/es\/wp-json\/wp\/v2\/media?parent=1766"}],"curies":[{"name":"wp","href":"https:\/\/api.w.org\/{rel}","templated":true}]}}