{"id":1771,"date":"2022-09-02T06:54:03","date_gmt":"2022-09-02T04:54:03","guid":{"rendered":"https:\/\/aptimuscapital.com\/contacto\/"},"modified":"2025-10-28T17:30:17","modified_gmt":"2025-10-28T16:30:17","slug":"contacto","status":"publish","type":"page","link":"https:\/\/aptimuscapital.com\/es\/contacto\/","title":{"rendered":"Contacto"},"content":{"rendered":"\n<h2>\n\t\tContacto\n\t<\/h2>\n\t\t\tAptimus Capital Partners Spain\n\t\t<h2>\n\t\t\tMadrid\n\t\t\t\t\t\t\t\t\t\t\tC\/ de Barbara de Braganza, 2 &#8211; esc, B, 3\u00ba B.<br \/>28004 Madrid, Spain\n\t\t<\/h2>\n\t\t\t<p><a href=\"https:\/\/goo.gl\/maps\/sSUFmcYzwAY5B5u48\" target=\"_blank\" rel=\"noopener\">MAPA \u2192<\/a><\/p>\t\t\n\t\t\t<p>Aptimus Capital Partners United Kingdom<\/p>\n\t\t<h2>\n\t\t\tLondres\n\t\t\t\t\t\t\t\t\t\t\tOne Fleet Place,<br \/>London, EC4M 7WS, UK\n\t\t<\/h2>\n\t\t\t<p><a href=\"https:\/\/goo.gl\/maps\/c9hePcent3EXCmSV9\" target=\"_blank\" rel=\"noopener\">MAPA \u2192<\/a><\/p>\t\t\n\t\t<h2>\n\t\t\tCont\u00e1ctanos en:\n\t\t<\/h2>\n\t\t\t<p><a href=\"mailto:info@aptimuscapital.com\">info@aptimuscapital.com<\/a><\/p>\t\t\n\t\t<h2>\n\t\t\tAptimus Capital Partners Ireland\n\t\t<\/h2>\n\t\t\t<p>1-2 Victoria Buildings,<br \/>Haddington Road<br \/>D04 XN32, Dublin<\/p>\t\t\n\n","protected":false},"excerpt":{"rendered":"<p>Contacto Aptimus Capital Partners Spain Madrid C\/ de Barbara de Braganza, 2 &#8211; esc, B, 3\u00ba B.28004 Madrid, Spain MAPA \u2192 Aptimus Capital Partners United Kingdom Londres One Fleet Place,London, EC4M 7WS, UK MAPA \u2192 Cont\u00e1ctanos en: info@aptimuscapital.com Aptimus Capital Partners Ireland 1-2 Victoria Buildings,Haddington RoadD04 XN32, Dublin<\/p>\n","protected":false},"author":16,"featured_media":0,"parent":0,"menu_order":0,"comment_status":"closed","ping_status":"closed","template":"","meta":{"footnotes":""},"class_list":["post-1771","page","type-page","status-publish","hentry"],"yoast_head":"<!-- This site is optimized with the Yoast SEO plugin v27.4 - https:\/\/yoast.com\/product\/yoast-seo-wordpress\/ -->\n<title>Contacto - Aptimus Capital Partners<\/title>\n<meta name=\"description\" content=\"Estamos deseando encontrar un \u00e1ngulo de colaboraci\u00f3n y desarrollar la soluci\u00f3n personalizada que mejor se adapte a tus necesidades.\" \/>\n<meta name=\"robots\" content=\"index, follow, max-snippet:-1, max-image-preview:large, max-video-preview:-1\" \/>\n<link rel=\"canonical\" href=\"https:\/\/aptimuscapital.com\/es\/contacto\/\" \/>\n<meta property=\"og:locale\" content=\"es_ES\" \/>\n<meta property=\"og:type\" content=\"article\" \/>\n<meta property=\"og:title\" content=\"Contacto - Aptimus Capital Partners\" \/>\n<meta property=\"og:description\" content=\"Estamos deseando encontrar un \u00e1ngulo de colaboraci\u00f3n y desarrollar la soluci\u00f3n personalizada que mejor se adapte a tus necesidades.\" \/>\n<meta property=\"og:url\" content=\"https:\/\/aptimuscapital.com\/es\/contacto\/\" \/>\n<meta property=\"og:site_name\" content=\"Aptimus Capital Partners\" \/>\n<meta property=\"article:modified_time\" content=\"2025-10-28T16:30:17+00:00\" \/>\n<meta name=\"twitter:card\" content=\"summary_large_image\" \/>\n<script type=\"application\/ld+json\" class=\"yoast-schema-graph\">{\"@context\":\"https:\\\/\\\/schema.org\",\"@graph\":[{\"@type\":\"WebPage\",\"@id\":\"https:\\\/\\\/aptimuscapital.com\\\/es\\\/contacto\\\/\",\"url\":\"https:\\\/\\\/aptimuscapital.com\\\/es\\\/contacto\\\/\",\"name\":\"Contacto - Aptimus Capital Partners\",\"isPartOf\":{\"@id\":\"https:\\\/\\\/aptimuscapital.com\\\/es\\\/#website\"},\"datePublished\":\"2022-09-02T04:54:03+00:00\",\"dateModified\":\"2025-10-28T16:30:17+00:00\",\"description\":\"Estamos deseando encontrar un \u00e1ngulo de colaboraci\u00f3n y desarrollar la soluci\u00f3n personalizada que mejor se adapte a tus necesidades.\",\"breadcrumb\":{\"@id\":\"https:\\\/\\\/aptimuscapital.com\\\/es\\\/contacto\\\/#breadcrumb\"},\"inLanguage\":\"es\",\"potentialAction\":[{\"@type\":\"ReadAction\",\"target\":[\"https:\\\/\\\/aptimuscapital.com\\\/es\\\/contacto\\\/\"]}]},{\"@type\":\"BreadcrumbList\",\"@id\":\"https:\\\/\\\/aptimuscapital.com\\\/es\\\/contacto\\\/#breadcrumb\",\"itemListElement\":[{\"@type\":\"ListItem\",\"position\":1,\"name\":\"Home\",\"item\":\"https:\\\/\\\/aptimuscapital.com\\\/es\\\/\"},{\"@type\":\"ListItem\",\"position\":2,\"name\":\"Contacto\"}]},{\"@type\":\"WebSite\",\"@id\":\"https:\\\/\\\/aptimuscapital.com\\\/es\\\/#website\",\"url\":\"https:\\\/\\\/aptimuscapital.com\\\/es\\\/\",\"name\":\"Aptimus Capital Partners\",\"description\":\"Innovative solutions. Long-term value creation.\",\"publisher\":{\"@id\":\"https:\\\/\\\/aptimuscapital.com\\\/es\\\/#organization\"},\"potentialAction\":[{\"@type\":\"SearchAction\",\"target\":{\"@type\":\"EntryPoint\",\"urlTemplate\":\"https:\\\/\\\/aptimuscapital.com\\\/es\\\/?s={search_term_string}\"},\"query-input\":{\"@type\":\"PropertyValueSpecification\",\"valueRequired\":true,\"valueName\":\"search_term_string\"}}],\"inLanguage\":\"es\"},{\"@type\":\"Organization\",\"@id\":\"https:\\\/\\\/aptimuscapital.com\\\/es\\\/#organization\",\"name\":\"Aptimus Capital Partners\",\"url\":\"https:\\\/\\\/aptimuscapital.com\\\/es\\\/\",\"logo\":{\"@type\":\"ImageObject\",\"inLanguage\":\"es\",\"@id\":\"https:\\\/\\\/aptimuscapital.com\\\/es\\\/#\\\/schema\\\/logo\\\/image\\\/\",\"url\":\"https:\\\/\\\/aptimuscapital.com\\\/wp-content\\\/uploads\\\/Aptimus-Logo-Grey.png\",\"contentUrl\":\"https:\\\/\\\/aptimuscapital.com\\\/wp-content\\\/uploads\\\/Aptimus-Logo-Grey.png\",\"width\":520,\"height\":61,\"caption\":\"Aptimus Capital Partners\"},\"image\":{\"@id\":\"https:\\\/\\\/aptimuscapital.com\\\/es\\\/#\\\/schema\\\/logo\\\/image\\\/\"},\"sameAs\":[\"https:\\\/\\\/www.linkedin.com\\\/company\\\/aptimuscapitalpartners\\\/\"]}]}<\/script>\n<!-- \/ Yoast SEO plugin. -->","yoast_head_json":{"title":"Contacto - Aptimus Capital Partners","description":"Estamos deseando encontrar un \u00e1ngulo de colaboraci\u00f3n y desarrollar la soluci\u00f3n personalizada que mejor se adapte a tus necesidades.","robots":{"index":"index","follow":"follow","max-snippet":"max-snippet:-1","max-image-preview":"max-image-preview:large","max-video-preview":"max-video-preview:-1"},"canonical":"https:\/\/aptimuscapital.com\/es\/contacto\/","og_locale":"es_ES","og_type":"article","og_title":"Contacto - Aptimus Capital Partners","og_description":"Estamos deseando encontrar un \u00e1ngulo de colaboraci\u00f3n y desarrollar la soluci\u00f3n personalizada que mejor se adapte a tus necesidades.","og_url":"https:\/\/aptimuscapital.com\/es\/contacto\/","og_site_name":"Aptimus Capital Partners","article_modified_time":"2025-10-28T16:30:17+00:00","twitter_card":"summary_large_image","schema":{"@context":"https:\/\/schema.org","@graph":[{"@type":"WebPage","@id":"https:\/\/aptimuscapital.com\/es\/contacto\/","url":"https:\/\/aptimuscapital.com\/es\/contacto\/","name":"Contacto - Aptimus Capital Partners","isPartOf":{"@id":"https:\/\/aptimuscapital.com\/es\/#website"},"datePublished":"2022-09-02T04:54:03+00:00","dateModified":"2025-10-28T16:30:17+00:00","description":"Estamos deseando encontrar un \u00e1ngulo de colaboraci\u00f3n y desarrollar la soluci\u00f3n personalizada que mejor se adapte a tus necesidades.","breadcrumb":{"@id":"https:\/\/aptimuscapital.com\/es\/contacto\/#breadcrumb"},"inLanguage":"es","potentialAction":[{"@type":"ReadAction","target":["https:\/\/aptimuscapital.com\/es\/contacto\/"]}]},{"@type":"BreadcrumbList","@id":"https:\/\/aptimuscapital.com\/es\/contacto\/#breadcrumb","itemListElement":[{"@type":"ListItem","position":1,"name":"Home","item":"https:\/\/aptimuscapital.com\/es\/"},{"@type":"ListItem","position":2,"name":"Contacto"}]},{"@type":"WebSite","@id":"https:\/\/aptimuscapital.com\/es\/#website","url":"https:\/\/aptimuscapital.com\/es\/","name":"Aptimus Capital Partners","description":"Innovative solutions. Long-term value creation.","publisher":{"@id":"https:\/\/aptimuscapital.com\/es\/#organization"},"potentialAction":[{"@type":"SearchAction","target":{"@type":"EntryPoint","urlTemplate":"https:\/\/aptimuscapital.com\/es\/?s={search_term_string}"},"query-input":{"@type":"PropertyValueSpecification","valueRequired":true,"valueName":"search_term_string"}}],"inLanguage":"es"},{"@type":"Organization","@id":"https:\/\/aptimuscapital.com\/es\/#organization","name":"Aptimus Capital Partners","url":"https:\/\/aptimuscapital.com\/es\/","logo":{"@type":"ImageObject","inLanguage":"es","@id":"https:\/\/aptimuscapital.com\/es\/#\/schema\/logo\/image\/","url":"https:\/\/aptimuscapital.com\/wp-content\/uploads\/Aptimus-Logo-Grey.png","contentUrl":"https:\/\/aptimuscapital.com\/wp-content\/uploads\/Aptimus-Logo-Grey.png","width":520,"height":61,"caption":"Aptimus Capital Partners"},"image":{"@id":"https:\/\/aptimuscapital.com\/es\/#\/schema\/logo\/image\/"},"sameAs":["https:\/\/www.linkedin.com\/company\/aptimuscapitalpartners\/"]}]}},"_links":{"self":[{"href":"https:\/\/aptimuscapital.com\/es\/wp-json\/wp\/v2\/pages\/1771","targetHints":{"allow":["GET"]}}],"collection":[{"href":"https:\/\/aptimuscapital.com\/es\/wp-json\/wp\/v2\/pages"}],"about":[{"href":"https:\/\/aptimuscapital.com\/es\/wp-json\/wp\/v2\/types\/page"}],"author":[{"embeddable":true,"href":"https:\/\/aptimuscapital.com\/es\/wp-json\/wp\/v2\/users\/16"}],"replies":[{"embeddable":true,"href":"https:\/\/aptimuscapital.com\/es\/wp-json\/wp\/v2\/comments?post=1771"}],"version-history":[{"count":2,"href":"https:\/\/aptimuscapital.com\/es\/wp-json\/wp\/v2\/pages\/1771\/revisions"}],"predecessor-version":[{"id":2266,"href":"https:\/\/aptimuscapital.com\/es\/wp-json\/wp\/v2\/pages\/1771\/revisions\/2266"}],"wp:attachment":[{"href":"https:\/\/aptimuscapital.com\/es\/wp-json\/wp\/v2\/media?parent=1771"}],"curies":[{"name":"wp","href":"https:\/\/api.w.org\/{rel}","templated":true}]}}