{"id":1773,"date":"2022-08-24T03:09:43","date_gmt":"2022-08-24T01:09:43","guid":{"rendered":"https:\/\/aptimuscapital.com\/privacidad\/"},"modified":"2025-10-28T17:34:08","modified_gmt":"2025-10-28T16:34:08","slug":"privacidad","status":"publish","type":"page","link":"https:\/\/aptimuscapital.com\/es\/privacidad\/","title":{"rendered":"Privacidad"},"content":{"rendered":"\n\n\t<p>Este Aviso de Privacidad es aplicable \u00fanicamente a Aptimus Capital Partners (London) Limited, Aptimus Capital Partners (Ireland) Limited y Aptimus Capital Partners (Spain) SLU (\u00abnosotros\u00bb, \u00abnuestro\u00bb, \u00abnosotros\u00bb, \u00abAptimus\u00bb o \u00abAptimus Capital\u00bb) en relaci\u00f3n con sus respectivos procesos de procesamiento de datos personales de personas f\u00edsicas, y surtir\u00e1 efectos a partir del 1 de enero de 2021.<\/p>\n<p>Aptimus Capital Partners (Ireland) Limited, tiene su domicilio social en Victoria Buildings, Haddington Road; Dubl\u00edn 4; Irlanda. ptimus Capital Partners (London) Limited tiene su domicilio registrado en One Fleet Place, Londres, Inglaterra, EC4M 7WS. Aptimus Capital Partners (Spain) SLU tiene su domicilio principal en C\/ de Barbara de Braganza 2 &#8211; esc, B, 3\u00ba B. 28004 Madrid, Espa\u00f1a.<\/p>\n<p>Aptimus Capital Partners (London) Limited es un representante designado (appointed representative) de Sapia Partners LLP, que est\u00e1 autorizado y regulado por la Financial Conduct Authority del Reino Unido.<\/p>\n\t\t\t\tAcerca de este Aviso\n\t\t\t\t<p>Podemos recopilar datos personales de personas f\u00edsicas en cada momento en relaci\u00f3n con nuestros clientes, potenciales potenciales u otros terceros o sus empleados, administradores, directores o representantes (cualquiera de los cuales ser\u00e1 referido como \u00abusted\u00bb en esta declaraci\u00f3n). Dependiendo de la ubicaci\u00f3n donde se presten los servicios, Aptimus Capital Partners (Ireland) Limited, Aptimus Capital Partners (London) Limited o Aptimus Capital Partners (Spain) SLU puede ser el responsable de tratamiento de datos en relaci\u00f3n con sus datos personales.<\/p>\n<p>Este Aviso explica c\u00f3mo usamos sus datos personales.<\/p>\n<p>Si usted es una entidad legal o sociedad, al solicitar nuestra prestaci\u00f3n de servicios, nos confirma que ha proporcionado a sus empleados, administradores, directores o representantes la informaci\u00f3n establecida en esta declaraci\u00f3n y que nos han dado su consentimiento en el uso, de acuerdo con esta declaraci\u00f3n, de cualquier dato personal sobre ellos que nos proporcione en relaci\u00f3n con nuestro negocio de servicios financieros. Al continuar participando en la prestaci\u00f3n de servicios con nosotros, nos autoriza a usar y transferir los datos personales sobre sus empleados, administradores, directores o representantes de acuerdo con esta declaraci\u00f3n y sus modificaciones ocasionales, de acuerdo con la secci\u00f3n de \u00abNotificaci\u00f3n de cambios\u00bb a continuaci\u00f3n.<\/p>\n\t\t\t\t\u00bfQu\u00e9 tipos de datos personales recogemos?\n\t\t\t\t<p>Podemos tratar, procesar y utilizar sus \u00abdatos personales\u00bb, que pueden incluir nombres, direcciones postales, direcciones de correo electr\u00f3nico, n\u00fameros de tel\u00e9fono o cualquier otro dato personal que nos proporcione. Tambi\u00e9n podemos, en los casos que corresponda y en la medida permitida por la ley, tratar, procesar y usar ciertos \u00abdatos personales sensibles\u00bb (por ejemplo, cuando realicemos el procedimiento de \u00abConozca a su cliente\u00bb (\u00abKYC\u00bb) o de prevenci\u00f3n del blanqueo de capitales (\u00abAML\u00bb), podemos recopilar informaci\u00f3n sobre cualquier delito que usted o sus empleados, administradores, directores o representantes hayan cometido, y datos biom\u00e9tricos para fines de verificaci\u00f3n de identificaci\u00f3n, si se acord\u00f3 previamente con usted. Ofreceremos alternativas para fines de verificaci\u00f3n de identificaci\u00f3n a esos interesados que no deseen proporcionarnos sus datos biom\u00e9tricos. A los efectos de la jurisdicci\u00f3n pertinente en relaci\u00f3n con sus datos personales, somos respectivamente el responsable del tratamiento de datos o el usuario de datos.<\/p>\n\t\t\t\t\u00bfA qui\u00e9n podemos proporcionar sus datos personales?\n\t\t\t\t<p>En el curso de la gesti\u00f3n de nuestro negocio de servicios financieros, podemos proporcionar sus datos personales a cualquiera de los siguientes destinatarios o categor\u00edas de destinatarios:<\/p>\n<ul>\n<li>Nuestros empleados, miembros del \u00f3rgano de administraci\u00f3n, socios, directores o representantes;<\/li>\n<li>Nuestros proveedores de servicios externos, socios comerciales, distribuidores, asesores o auditores (incluidos sus empleados, administradores, directores, subcontratistas o representantes);<\/li>\n<li>Reguladores nacionales y extranjeros (\u00abReguladores\u00bb), gobiernos, autoridades de prevenci\u00f3n, detecci\u00f3n, investigaci\u00f3n o aplicaci\u00f3n de la ley, autoridades fiscales, sociales o laborales (\u00abAutoridades\u00bb) y cualquier otra autoridad u organismo oficial y sus representantes;<\/li>\n<li>Juzgados, tribunales, \u00e1rbitros, defensores del pueblo, mediadores, otros \u00f3rganos de resoluci\u00f3n de disputas nacionales y extranjeros (\u00abJuzgados\/Tribunales\u00bb) y sus representantes;<\/li>\n<li>Cualquier persona que usted nos solicite o permita mantener informado. Si ya no desea que compartamos sus datos personales con dicha(s) persona(s) o desea cambiar sus preferencias a este respecto, informe por favor a compliance@aptimuscapital.com<\/li>\n<\/ul>\n<p>Cuando proporcionamos sus datos personales a cualquiera de los destinatarios anteriores, ese destinatario puede procesar sus datos personales en nuestro nombre o para sus propios fines. Si el destinatario procesa los datos personales para sus propios fines, ser\u00e1 responsable del cumplimiento de cualquier ley aplicable con respecto a sus datos personales.<\/p>\n\t\t\t\t\u00bfC\u00f3mo podemos usar sus datos personales?\n\t\t\t\t<p>Podemos procesar, usar o transferir sus datos personales para los siguientes fines relacionados con nuestro negocio de servicios financieros:<\/p>\n<ul>\n<li>Administrar la prestaci\u00f3n de servicios entre nosotros, incluidos, entre otros, la facturaci\u00f3n, los informes y an\u00e1lisis internos y cualquier otro asunto auxiliar;<\/li>\n<li>Cumplir con cualquier ley, norma, regulaci\u00f3n, orientaci\u00f3n, decisi\u00f3n o directiva presente o futura (incluidas las relativas a antiterrorismo, fraude, AML y anticorrupci\u00f3n) y, en los casos que corresponda, llevar a cabo verificaciones KYC, reputacionales y financieras y otros procedimientos que emprendamos como parte de nuestros procesos de aceptaci\u00f3n, financiaci\u00f3n y administraci\u00f3n de actividades;\u00a0<\/li>\n<li>Establecer, ejercer o defender derechos;<\/li>\n<li>Cumplir con las requerimientos y solicitudes realizadas por, o hacer divulgaciones voluntarias a, Reguladores, gobiernos, Autoridades o Juzgados\/ Tribunales;<\/li>\n<li>Obtener asesoramiento, recibir servicios o proporcionar informaci\u00f3n a un tercero sobre asuntos que puedan afectar a Aptimus Capital;<\/li>\n<li>Proporcionarle informaci\u00f3n de marketing relacionada con nuestros productos o servicios; y<\/li>\n<li>Cualquier otro prop\u00f3sito que sea incidental o directamente relacionado con los prop\u00f3sitos anteriores o en el curso de nuestra actividad comercial leg\u00edtima de servicios financieros.<\/li>\n<\/ul>\n<p>Tenemos derecho a procesar sus datos personales de esta manera por las siguientes razones:<\/p>\n<ol type=\"A\">\n<li>El procesamiento puede ser necesario para cumplir con una obligaci\u00f3n legal o reglamentaria relevante.<\/li>\n<li>El procesamiento ser\u00e1, en todos los casos, necesario para los intereses comerciales leg\u00edtimos de Aptimus Capital o de otra persona, tales como:\n<ol type=\"I\">\n<li>Llevar a cabo las actividades comerciales ordinarias o razonables u otras actividades previamente reveladas a usted o a las que se hace referencia en este aviso de privacidad;<\/li>\n<li>Asegurar el cumplimiento de todas las obligaciones legales y reglamentarias y los est\u00e1ndares de la industria, y prevenir el fraude;<\/li>\n<li>Establecer, ejercer o defender derechos legales o para otros fines relacionados con procedimientos legales; y<\/li>\n<li>Garantizar la seguridad de los sistemas de informaci\u00f3n.<\/li>\n<\/ol>\n<\/li>\n<li>Con respecto a cualquier procesamiento de datos personales sensibles que se encuentren dentro de categor\u00edas especiales, como cualquier dato personal relacionado con las opiniones pol\u00edticas de una persona pol\u00edticamente expuesta, el procesamiento ser\u00e1 necesario por razones de inter\u00e9s p\u00fablico sustancial.<\/li>\n<\/ol>\n<p>Si no desea proporcionar sus datos personales para ninguno de los fines enumerados anteriormente, excepto para proporcionarle informaci\u00f3n de marketing, no podremos brindarle nuestros servicios financieros.<\/p>\n<p>Con el fin de proporcionarle informaci\u00f3n de marketing relacionada con nuestros productos o servicios, nos proporciona sus datos personales de forma voluntaria.<\/p>\n\t\t\t\tTransferencia de sus datos personales fuera del Espacio Econ\u00f3mico Europeo\n\t\t\t\t<p>Sus datos personales recogidos por Aptimus Capital se almacenar\u00e1n en los servidores de Aptimus en Irlanda y pueden transferirse a cualquiera de los destinatarios potenciales identificados en esta declaraci\u00f3n en relaci\u00f3n con nuestro negocio de servicios financieros, algunos de los cuales pueden estar fuera del EEE, incluidos, entre otros, el Reino Unido (donde se encuentra Aptimus Capital Partners (London) Limited), y pueden ser procesados por nosotros y cualquiera de estos destinatarios en cualquier pa\u00eds del mundo.<\/p>\n<p>Cuando los datos personales se transfieran fuera del EEE, nos aseguraremos de que la transferencia est\u00e9 sujeta a las garant\u00edas adecuadas o que est\u00e9 permitida por la ley aplicable. Por ejemplo, el pa\u00eds al que se transfieren los datos personales debe estar aprobado por la Comisi\u00f3n Europea o el destinatario debe haber aceptado modelos de cl\u00e1usulas contractuales aprobadas por la Comisi\u00f3n Europea que le obligan a proteger los datos personales.<\/p>\n<p>Puede obtener m\u00e1s detalles sobre la protecci\u00f3n otorgada a sus datos personales cuando se transfieren fuera del EEE, incluida una copia de cualquier cl\u00e1usula est\u00e1ndar de protecci\u00f3n de datos acordada con los destinatarios de sus datos personales, comunic\u00e1ndose con nosotros utilizando el formulario establecido en \u00abContacto Aptimus\u00bb a continuaci\u00f3n.<\/p>\n\t\t\t\tActualizaci\u00f3n y retenci\u00f3n de datos personales\n\t\t\t\t<p>Es importante para nosotros mantener registros precisos de sus datos personales. Inf\u00f3rmenos de cualquier cambio o error en sus datos personales lo antes posible y actualizaremos nuestros registros en este sentido.<\/p>\n<p>Solo conservaremos sus datos personales durante el tiempo que, en nuestra opini\u00f3n razonable, sea necesario para cumplir con la ley aplicable o para los fines para los que procesamos sus datos personales (como se establece en esta declaraci\u00f3n).<\/p>\n\t\t\t\tGrabaci\u00f3n de llamadas telef\u00f3nicas\n\t\t\t\t<p>En la medida en que lo permita y de acuerdo con la ley aplicable, podemos monitorizar y\/o grabar sus llamadas telef\u00f3nicas con nosotros.<\/p>\n\t\t\t\tTus derechos\n\t\t\t\t<p>Tiene una serie de derechos legales en relaci\u00f3n con los datos personales que recojamos sobre usted. Estos derechos incluyen los siguientes:<\/p>\n<ol type=\"A\">\n<li>El derecho a obtener informaci\u00f3n sobre el procesamiento de sus datos personales y el acceso a los datos personales que tenemos sobre usted.<\/li>\n<li>En algunas circunstancias, el derecho a recibir algunos datos personales en formato estructurado, de uso com\u00fan y legible por m\u00e1quina, y el derecho a solicitar que transmitamos esos datos a un tercero cuando sea t\u00e9cnicamente factible. Tenga en cuenta que este derecho solo se aplica a los datos personales que nos haya proporcionado.<\/li>\n<li>Derecho a solicitar que rectifiquemos sus datos personales si son inexactos o est\u00e1n incompletos.<\/li>\n<li>El derecho a solicitar que eliminemos sus datos personales en determinadas circunstancias. Tenga en cuenta que puede haber circunstancias en las que nos solicite que borremos sus datos personales, pero tengamos el derecho legal de conservarlos.<\/li>\n<li>El derecho a objetar y el derecho a solicitar que restrinjamos nuestro procesamiento de sus datos personales en ciertas circunstancias. Nuevamente, puede haber circunstancias en las que se oponga o nos solicite que restrinjamos el procesamiento de sus datos personales, pero estemos legalmente autorizados a continuar procesando sus datos personales o rechazar esa solicitud.<\/li>\n<li>El derecho a presentar una queja ante el regulador de protecci\u00f3n de datos (cuyos detalles se proporcionan a continuaci\u00f3n) si cree que hemos infringido alguno de sus derechos.<\/li>\n<\/ol>\n<p>Puede ejercer sus derechos poni\u00e9ndose en contacto con nosotros utilizando los detalles establecidos en \u00abContacto con Aptimus\u00bb a continuaci\u00f3n. Puede obtener m\u00e1s informaci\u00f3n sobre sus derechos poni\u00e9ndose en contacto con un organismo regulador de protecci\u00f3n de datos de la UE como la <em>Irish Data Protection Commission<\/em> (o buscando en su sitio web en <a href=\"http:\/\/www.dataprotection.ie\/\">www.dataprotection.ie<\/a>) o poni\u00e9ndose en contacto con el organismo regulador de protecci\u00f3n de datos del Reino Unido, la <em>Information Commissioner&#8217;s Office<\/em> (o por buscando en su sitio web en <a href=\"https:\/\/ico.org.uk\/\">www.ico.org.uk )<\/a>.<\/p>\n\t\t\t\tGoogle Analytics\n\t\t\t\t<p>Utilizamos Google Analytics para recopilar informaci\u00f3n sobre el comportamiento de los visitantes en nuestro sitio web. Google Analytics almacena informaci\u00f3n sobre qu\u00e9 p\u00e1ginas visita, cu\u00e1nto tiempo est\u00e1 en el sitio, c\u00f3mo lleg\u00f3 a la p\u00e1gina y en qu\u00e9 hace clic. Estos datos de Analytics se recopilan a trav\u00e9s de una etiqueta de JavaScript en las p\u00e1ginas de nuestro sitio y no est\u00e1n vinculados a informaci\u00f3n de identificaci\u00f3n personal. A menos que complete un formulario de registro, nosotros no recopilamos ni almacenamos su informaci\u00f3n personal (por ejemplo, nombre o direcci\u00f3n), por lo que esta informaci\u00f3n no se puede utilizar para identificar qui\u00e9n es usted.<\/p>\n<p>Puede obtener m\u00e1s informaci\u00f3n sobre c\u00f3mo utiliza Google la informaci\u00f3n de los sitios que usan su servicio de analytics en <a href=\"https:\/\/policies.google.com\/technologies\/partner-sites\">https:\/\/policies.google.com\/technologies\/partner-sites.<\/a><\/p>\n\t\t\t\tPol\u00edtica de privacidad &#8211; Uso de cookies\n<p>Utilizamos una serie de cookies diferentes en nuestro sitio. Si no sabe qu\u00e9 son las cookies, o c\u00f3mo controlarlas o eliminarlas, le recomendamos que visite <a href=\"http:\/\/www.aboutcookies.org\/\">http:\/\/www.aboutcookies.org<\/a> para obtener una gu\u00eda detallada.<\/p>\n<p>Las cookies recopilan informaci\u00f3n an\u00f3nima sobre c\u00f3mo los visitantes usan nuestro sitio, que luego se usa para ayudar a mejorar el sitio. La informaci\u00f3n recopilada incluye el n\u00famero de visitantes del sitio, de d\u00f3nde vienen los visitantes y las p\u00e1ginas que visitan. Estas cookies son establecidas directamente por este sitio web y no cubre enlaces dentro de este sitio a otros sitios web.<\/p>\n\t\t\t\tC\u00f3mo ponerse en contacto con Aptimus\n\t\t\t\t<p>Si tiene alguna pregunta o comentario sobre esta declaraci\u00f3n, comun\u00edquese con compliance@aptimuscapital.com<\/p>\n\t\t\t\tNotificaci\u00f3n de cambios\n\t\t\t\t<p>Este Aviso tiene fecha del 1 de enero de 2021. Puede ser modificado en cualquier momento sin previo aviso y una declaraci\u00f3n modificada estar\u00e1 disponible poni\u00e9ndose en contacto con compliance@aptimuscapital.com<\/p>\n<p>Esto puede deberse a varios motivos, incluidos los cambios en la normativa, las pr\u00e1cticas del mercado o nuestro tratamiento de sus datos personales.<\/p>\n\n","protected":false},"excerpt":{"rendered":"<p>Este Aviso de Privacidad es aplicable \u00fanicamente a Aptimus Capital Partners (London) Limited, Aptimus Capital Partners (Ireland) Limited y Aptimus Capital Partners (Spain) SLU (\u00abnosotros\u00bb, \u00abnuestro\u00bb, \u00abnosotros\u00bb, \u00abAptimus\u00bb o \u00abAptimus Capital\u00bb) en relaci\u00f3n con sus respectivos procesos de procesamiento de datos personales de personas f\u00edsicas, y surtir\u00e1 efectos a partir del 1 de enero de&hellip;<\/p>\n","protected":false},"author":16,"featured_media":0,"parent":0,"menu_order":0,"comment_status":"closed","ping_status":"closed","template":"","meta":{"footnotes":""},"class_list":["post-1773","page","type-page","status-publish","hentry"],"yoast_head":"<!-- This site is optimized with the Yoast SEO plugin v27.4 - https:\/\/yoast.com\/product\/yoast-seo-wordpress\/ -->\n<title>Privacidad - Aptimus Capital Partners<\/title>\n<meta name=\"robots\" content=\"index, follow, max-snippet:-1, max-image-preview:large, max-video-preview:-1\" \/>\n<link rel=\"canonical\" href=\"https:\/\/aptimuscapital.com\/es\/privacidad\/\" \/>\n<meta property=\"og:locale\" content=\"es_ES\" \/>\n<meta property=\"og:type\" content=\"article\" \/>\n<meta property=\"og:title\" content=\"Privacidad - Aptimus Capital Partners\" \/>\n<meta property=\"og:description\" content=\"Este Aviso de Privacidad es aplicable \u00fanicamente a Aptimus Capital Partners (London) Limited, Aptimus Capital Partners (Ireland) Limited y Aptimus Capital Partners (Spain) SLU (\u00abnosotros\u00bb, \u00abnuestro\u00bb, \u00abnosotros\u00bb, \u00abAptimus\u00bb o \u00abAptimus Capital\u00bb) en relaci\u00f3n con sus respectivos procesos de procesamiento de datos personales de personas f\u00edsicas, y surtir\u00e1 efectos a partir del 1 de enero de&hellip;\" \/>\n<meta property=\"og:url\" content=\"https:\/\/aptimuscapital.com\/es\/privacidad\/\" \/>\n<meta property=\"og:site_name\" content=\"Aptimus Capital Partners\" \/>\n<meta property=\"article:modified_time\" content=\"2025-10-28T16:34:08+00:00\" \/>\n<meta name=\"twitter:card\" content=\"summary_large_image\" \/>\n<meta name=\"twitter:label1\" content=\"Tiempo de lectura\" \/>\n\t<meta name=\"twitter:data1\" content=\"11 minutos\" \/>\n<script type=\"application\/ld+json\" class=\"yoast-schema-graph\">{\"@context\":\"https:\\\/\\\/schema.org\",\"@graph\":[{\"@type\":\"WebPage\",\"@id\":\"https:\\\/\\\/aptimuscapital.com\\\/es\\\/privacidad\\\/\",\"url\":\"https:\\\/\\\/aptimuscapital.com\\\/es\\\/privacidad\\\/\",\"name\":\"Privacidad - Aptimus Capital Partners\",\"isPartOf\":{\"@id\":\"https:\\\/\\\/aptimuscapital.com\\\/es\\\/#website\"},\"datePublished\":\"2022-08-24T01:09:43+00:00\",\"dateModified\":\"2025-10-28T16:34:08+00:00\",\"breadcrumb\":{\"@id\":\"https:\\\/\\\/aptimuscapital.com\\\/es\\\/privacidad\\\/#breadcrumb\"},\"inLanguage\":\"es\",\"potentialAction\":[{\"@type\":\"ReadAction\",\"target\":[\"https:\\\/\\\/aptimuscapital.com\\\/es\\\/privacidad\\\/\"]}]},{\"@type\":\"BreadcrumbList\",\"@id\":\"https:\\\/\\\/aptimuscapital.com\\\/es\\\/privacidad\\\/#breadcrumb\",\"itemListElement\":[{\"@type\":\"ListItem\",\"position\":1,\"name\":\"Home\",\"item\":\"https:\\\/\\\/aptimuscapital.com\\\/es\\\/\"},{\"@type\":\"ListItem\",\"position\":2,\"name\":\"Privacidad\"}]},{\"@type\":\"WebSite\",\"@id\":\"https:\\\/\\\/aptimuscapital.com\\\/es\\\/#website\",\"url\":\"https:\\\/\\\/aptimuscapital.com\\\/es\\\/\",\"name\":\"Aptimus Capital Partners\",\"description\":\"Innovative solutions. Long-term value creation.\",\"publisher\":{\"@id\":\"https:\\\/\\\/aptimuscapital.com\\\/es\\\/#organization\"},\"potentialAction\":[{\"@type\":\"SearchAction\",\"target\":{\"@type\":\"EntryPoint\",\"urlTemplate\":\"https:\\\/\\\/aptimuscapital.com\\\/es\\\/?s={search_term_string}\"},\"query-input\":{\"@type\":\"PropertyValueSpecification\",\"valueRequired\":true,\"valueName\":\"search_term_string\"}}],\"inLanguage\":\"es\"},{\"@type\":\"Organization\",\"@id\":\"https:\\\/\\\/aptimuscapital.com\\\/es\\\/#organization\",\"name\":\"Aptimus Capital Partners\",\"url\":\"https:\\\/\\\/aptimuscapital.com\\\/es\\\/\",\"logo\":{\"@type\":\"ImageObject\",\"inLanguage\":\"es\",\"@id\":\"https:\\\/\\\/aptimuscapital.com\\\/es\\\/#\\\/schema\\\/logo\\\/image\\\/\",\"url\":\"https:\\\/\\\/aptimuscapital.com\\\/wp-content\\\/uploads\\\/Aptimus-Logo-Grey.png\",\"contentUrl\":\"https:\\\/\\\/aptimuscapital.com\\\/wp-content\\\/uploads\\\/Aptimus-Logo-Grey.png\",\"width\":520,\"height\":61,\"caption\":\"Aptimus Capital Partners\"},\"image\":{\"@id\":\"https:\\\/\\\/aptimuscapital.com\\\/es\\\/#\\\/schema\\\/logo\\\/image\\\/\"},\"sameAs\":[\"https:\\\/\\\/www.linkedin.com\\\/company\\\/aptimuscapitalpartners\\\/\"]}]}<\/script>\n<!-- \/ Yoast SEO plugin. -->","yoast_head_json":{"title":"Privacidad - Aptimus Capital Partners","robots":{"index":"index","follow":"follow","max-snippet":"max-snippet:-1","max-image-preview":"max-image-preview:large","max-video-preview":"max-video-preview:-1"},"canonical":"https:\/\/aptimuscapital.com\/es\/privacidad\/","og_locale":"es_ES","og_type":"article","og_title":"Privacidad - Aptimus Capital Partners","og_description":"Este Aviso de Privacidad es aplicable \u00fanicamente a Aptimus Capital Partners (London) Limited, Aptimus Capital Partners (Ireland) Limited y Aptimus Capital Partners (Spain) SLU (\u00abnosotros\u00bb, \u00abnuestro\u00bb, \u00abnosotros\u00bb, \u00abAptimus\u00bb o \u00abAptimus Capital\u00bb) en relaci\u00f3n con sus respectivos procesos de procesamiento de datos personales de personas f\u00edsicas, y surtir\u00e1 efectos a partir del 1 de enero de&hellip;","og_url":"https:\/\/aptimuscapital.com\/es\/privacidad\/","og_site_name":"Aptimus Capital Partners","article_modified_time":"2025-10-28T16:34:08+00:00","twitter_card":"summary_large_image","twitter_misc":{"Tiempo de lectura":"11 minutos"},"schema":{"@context":"https:\/\/schema.org","@graph":[{"@type":"WebPage","@id":"https:\/\/aptimuscapital.com\/es\/privacidad\/","url":"https:\/\/aptimuscapital.com\/es\/privacidad\/","name":"Privacidad - Aptimus Capital Partners","isPartOf":{"@id":"https:\/\/aptimuscapital.com\/es\/#website"},"datePublished":"2022-08-24T01:09:43+00:00","dateModified":"2025-10-28T16:34:08+00:00","breadcrumb":{"@id":"https:\/\/aptimuscapital.com\/es\/privacidad\/#breadcrumb"},"inLanguage":"es","potentialAction":[{"@type":"ReadAction","target":["https:\/\/aptimuscapital.com\/es\/privacidad\/"]}]},{"@type":"BreadcrumbList","@id":"https:\/\/aptimuscapital.com\/es\/privacidad\/#breadcrumb","itemListElement":[{"@type":"ListItem","position":1,"name":"Home","item":"https:\/\/aptimuscapital.com\/es\/"},{"@type":"ListItem","position":2,"name":"Privacidad"}]},{"@type":"WebSite","@id":"https:\/\/aptimuscapital.com\/es\/#website","url":"https:\/\/aptimuscapital.com\/es\/","name":"Aptimus Capital Partners","description":"Innovative solutions. Long-term value creation.","publisher":{"@id":"https:\/\/aptimuscapital.com\/es\/#organization"},"potentialAction":[{"@type":"SearchAction","target":{"@type":"EntryPoint","urlTemplate":"https:\/\/aptimuscapital.com\/es\/?s={search_term_string}"},"query-input":{"@type":"PropertyValueSpecification","valueRequired":true,"valueName":"search_term_string"}}],"inLanguage":"es"},{"@type":"Organization","@id":"https:\/\/aptimuscapital.com\/es\/#organization","name":"Aptimus Capital Partners","url":"https:\/\/aptimuscapital.com\/es\/","logo":{"@type":"ImageObject","inLanguage":"es","@id":"https:\/\/aptimuscapital.com\/es\/#\/schema\/logo\/image\/","url":"https:\/\/aptimuscapital.com\/wp-content\/uploads\/Aptimus-Logo-Grey.png","contentUrl":"https:\/\/aptimuscapital.com\/wp-content\/uploads\/Aptimus-Logo-Grey.png","width":520,"height":61,"caption":"Aptimus Capital Partners"},"image":{"@id":"https:\/\/aptimuscapital.com\/es\/#\/schema\/logo\/image\/"},"sameAs":["https:\/\/www.linkedin.com\/company\/aptimuscapitalpartners\/"]}]}},"_links":{"self":[{"href":"https:\/\/aptimuscapital.com\/es\/wp-json\/wp\/v2\/pages\/1773","targetHints":{"allow":["GET"]}}],"collection":[{"href":"https:\/\/aptimuscapital.com\/es\/wp-json\/wp\/v2\/pages"}],"about":[{"href":"https:\/\/aptimuscapital.com\/es\/wp-json\/wp\/v2\/types\/page"}],"author":[{"embeddable":true,"href":"https:\/\/aptimuscapital.com\/es\/wp-json\/wp\/v2\/users\/16"}],"replies":[{"embeddable":true,"href":"https:\/\/aptimuscapital.com\/es\/wp-json\/wp\/v2\/comments?post=1773"}],"version-history":[{"count":1,"href":"https:\/\/aptimuscapital.com\/es\/wp-json\/wp\/v2\/pages\/1773\/revisions"}],"predecessor-version":[{"id":2267,"href":"https:\/\/aptimuscapital.com\/es\/wp-json\/wp\/v2\/pages\/1773\/revisions\/2267"}],"wp:attachment":[{"href":"https:\/\/aptimuscapital.com\/es\/wp-json\/wp\/v2\/media?parent=1773"}],"curies":[{"name":"wp","href":"https:\/\/api.w.org\/{rel}","templated":true}]}}